{"id":119,"date":"2017-04-19T11:04:41","date_gmt":"2017-04-19T09:04:41","guid":{"rendered":"http:\/\/www.cefaluincasa.com\/?page_id=119\/"},"modified":"2018-01-20T16:34:08","modified_gmt":"2018-01-20T15:34:08","slug":"bilocale-4-persone-al-primo-piano-it","status":"publish","type":"page","link":"https:\/\/www.cefaluincasa.com\/it\/cefalu-appartamenti-vacanze\/bilocale-4-persone-al-primo-piano-it\/","title":{"rendered":"Bilocale per 4 persone al primo piano"},"content":{"rendered":"<p>Gli appartamenti al primo piano, moderni e rifiniti per fornire ai nostri ospiti tutti i comfort essenziali di una casa, sono dei comodi e luminosi bivani con un\u2019ampiezza di circa 40 metri quadrati, dotati di <strong>camera da letto<\/strong>, soggiorno con <strong>divano letto singolo con secondo letto estraibile<\/strong>, <strong>bagno privato con bidet e doccia<\/strong> e da un <strong>angolo cottura<\/strong> situato su un delizioso balcone parzialmente coperto.<\/p>\n<p>Dai balconi, dove i nostri ospiti potranno mangiare comodamente e rilassarsi utilizzando le sdraio in dotazione di ciascun appartamento, potrete godere di un incantevole panorama sulla baia di Cefal\u00f9 col suo mare azzurro e la sua imponente Cattedrale nonch\u00e9 del paesaggio della macchia mediterranea in cui \u00e8 immersa la nostra residenza.<\/p>\n<p>Su richiesta <strong>possibilit\u00e0 di appartamenti comunicanti<\/strong> o attigui.<\/p>\n<p>I prezzi includono i consumi di corrente e acqua, biancheria da letto e asciugamani, biancheria da cucina, uso degli spazi esterni attrezzati, della piscina, del parcheggio e del Wi-fi.<\/p>\n<p>Il check-in si effettua dalle ore 14.00 del giorno dell\u2019arrivo, il check-out entro le ore 10.00 del giorno di partenza.<\/p>\n","protected":false},"excerpt":{"rendered":"<p>Lorem ipsum dolor sit amet, consectetuer adipiscing elit, sed diam nonummy nibh euismod tincidunt ut laoreet dolore magna aliquam erat volutpat. Ut wisi enim ad minim veniam, quis nostrud exerci tation ullamcorper suscipit lobortis nisl ut aliquip ex ea commodo consequat.<\/p>\n","protected":false},"author":1,"featured_media":950,"parent":125,"menu_order":0,"comment_status":"closed","ping_status":"closed","template":"page-apartment.php","meta":{"footnotes":""},"class_list":["post-119","page","type-page","status-publish","has-post-thumbnail","hentry"],"yoast_head":"<!-- This site is optimized with the Yoast SEO plugin v26.8 - https:\/\/yoast.com\/product\/yoast-seo-wordpress\/ -->\n<title>Bilocale per 4 persone al primo piano - Cefal\u00f9 in Casa<\/title>\n<meta name=\"robots\" content=\"index, follow, max-snippet:-1, max-image-preview:large, max-video-preview:-1\" \/>\n<link rel=\"canonical\" href=\"https:\/\/www.cefaluincasa.com\/it\/cefalu-appartamenti-vacanze\/bilocale-4-persone-al-primo-piano-it\/\" \/>\n<meta property=\"og:locale\" content=\"it_IT\" \/>\n<meta property=\"og:type\" content=\"article\" \/>\n<meta property=\"og:title\" content=\"Bilocale per 4 persone al primo piano - Cefal\u00f9 in Casa\" \/>\n<meta property=\"og:description\" content=\"Lorem ipsum dolor sit amet, consectetuer adipiscing elit, sed diam nonummy nibh euismod tincidunt ut laoreet dolore magna aliquam erat volutpat. Ut wisi enim ad minim veniam, quis nostrud exerci tation ullamcorper suscipit lobortis nisl ut aliquip ex ea commodo consequat.\" \/>\n<meta property=\"og:url\" content=\"https:\/\/www.cefaluincasa.com\/it\/cefalu-appartamenti-vacanze\/bilocale-4-persone-al-primo-piano-it\/\" \/>\n<meta property=\"og:site_name\" content=\"Cefal\u00f9 in Casa\" \/>\n<meta property=\"article:modified_time\" content=\"2018-01-20T15:34:08+00:00\" \/>\n<meta property=\"og:image\" content=\"https:\/\/www.cefaluincasa.com\/wp-content\/uploads\/2018\/01\/246095721.jpg\" \/>\n\t<meta property=\"og:image:width\" content=\"400\" \/>\n\t<meta property=\"og:image:height\" content=\"600\" \/>\n\t<meta property=\"og:image:type\" content=\"image\/jpeg\" \/>\n<meta name=\"twitter:card\" content=\"summary_large_image\" \/>\n<meta name=\"twitter:label1\" content=\"Tempo di lettura stimato\" \/>\n\t<meta name=\"twitter:data1\" content=\"1 minuto\" \/>\n<script type=\"application\/ld+json\" class=\"yoast-schema-graph\">{\"@context\":\"https:\/\/schema.org\",\"@graph\":[{\"@type\":\"WebPage\",\"@id\":\"https:\/\/www.cefaluincasa.com\/it\/cefalu-appartamenti-vacanze\/bilocale-4-persone-al-primo-piano-it\/\",\"url\":\"https:\/\/www.cefaluincasa.com\/it\/cefalu-appartamenti-vacanze\/bilocale-4-persone-al-primo-piano-it\/\",\"name\":\"Bilocale per 4 persone al primo piano - Cefal\u00f9 in Casa\",\"isPartOf\":{\"@id\":\"https:\/\/www.cefaluincasa.com\/#website\"},\"primaryImageOfPage\":{\"@id\":\"https:\/\/www.cefaluincasa.com\/it\/cefalu-appartamenti-vacanze\/bilocale-4-persone-al-primo-piano-it\/#primaryimage\"},\"image\":{\"@id\":\"https:\/\/www.cefaluincasa.com\/it\/cefalu-appartamenti-vacanze\/bilocale-4-persone-al-primo-piano-it\/#primaryimage\"},\"thumbnailUrl\":\"https:\/\/www.cefaluincasa.com\/wp-content\/uploads\/2018\/01\/246095721.jpg\",\"datePublished\":\"2017-04-19T09:04:41+00:00\",\"dateModified\":\"2018-01-20T15:34:08+00:00\",\"breadcrumb\":{\"@id\":\"https:\/\/www.cefaluincasa.com\/it\/cefalu-appartamenti-vacanze\/bilocale-4-persone-al-primo-piano-it\/#breadcrumb\"},\"inLanguage\":\"it-IT\",\"potentialAction\":[{\"@type\":\"ReadAction\",\"target\":[\"https:\/\/www.cefaluincasa.com\/it\/cefalu-appartamenti-vacanze\/bilocale-4-persone-al-primo-piano-it\/\"]}]},{\"@type\":\"ImageObject\",\"inLanguage\":\"it-IT\",\"@id\":\"https:\/\/www.cefaluincasa.com\/it\/cefalu-appartamenti-vacanze\/bilocale-4-persone-al-primo-piano-it\/#primaryimage\",\"url\":\"https:\/\/www.cefaluincasa.com\/wp-content\/uploads\/2018\/01\/246095721.jpg\",\"contentUrl\":\"https:\/\/www.cefaluincasa.com\/wp-content\/uploads\/2018\/01\/246095721.jpg\",\"width\":400,\"height\":600},{\"@type\":\"BreadcrumbList\",\"@id\":\"https:\/\/www.cefaluincasa.com\/it\/cefalu-appartamenti-vacanze\/bilocale-4-persone-al-primo-piano-it\/#breadcrumb\",\"itemListElement\":[{\"@type\":\"ListItem\",\"position\":1,\"name\":\"Home\",\"item\":\"https:\/\/www.cefaluincasa.com\/it\/\"},{\"@type\":\"ListItem\",\"position\":2,\"name\":\"Appartamenti in affitto a Cefal\u00f9\",\"item\":\"https:\/\/www.cefaluincasa.com\/it\/cefalu-appartamenti-vacanze\/\"},{\"@type\":\"ListItem\",\"position\":3,\"name\":\"Bilocale per 4 persone al primo piano\"}]},{\"@type\":\"WebSite\",\"@id\":\"https:\/\/www.cefaluincasa.com\/#website\",\"url\":\"https:\/\/www.cefaluincasa.com\/\",\"name\":\"Cefal\u00f9 in Casa\",\"description\":\"\",\"publisher\":{\"@id\":\"https:\/\/www.cefaluincasa.com\/#organization\"},\"potentialAction\":[{\"@type\":\"SearchAction\",\"target\":{\"@type\":\"EntryPoint\",\"urlTemplate\":\"https:\/\/www.cefaluincasa.com\/?s={search_term_string}\"},\"query-input\":{\"@type\":\"PropertyValueSpecification\",\"valueRequired\":true,\"valueName\":\"search_term_string\"}}],\"inLanguage\":\"it-IT\"},{\"@type\":\"Organization\",\"@id\":\"https:\/\/www.cefaluincasa.com\/#organization\",\"name\":\"Cefal\u00f9 in Casa\",\"url\":\"https:\/\/www.cefaluincasa.com\/\",\"logo\":{\"@type\":\"ImageObject\",\"inLanguage\":\"it-IT\",\"@id\":\"https:\/\/www.cefaluincasa.com\/#\/schema\/logo\/image\/\",\"url\":\"https:\/\/cefaluincasa.com\/wp-content\/uploads\/2017\/03\/cefaluincasa.png\",\"contentUrl\":\"https:\/\/cefaluincasa.com\/wp-content\/uploads\/2017\/03\/cefaluincasa.png\",\"width\":194,\"height\":50,\"caption\":\"Cefal\u00f9 in Casa\"},\"image\":{\"@id\":\"https:\/\/www.cefaluincasa.com\/#\/schema\/logo\/image\/\"}}]}<\/script>\n<!-- \/ Yoast SEO plugin. -->","yoast_head_json":{"title":"Bilocale per 4 persone al primo piano - Cefal\u00f9 in Casa","robots":{"index":"index","follow":"follow","max-snippet":"max-snippet:-1","max-image-preview":"max-image-preview:large","max-video-preview":"max-video-preview:-1"},"canonical":"https:\/\/www.cefaluincasa.com\/it\/cefalu-appartamenti-vacanze\/bilocale-4-persone-al-primo-piano-it\/","og_locale":"it_IT","og_type":"article","og_title":"Bilocale per 4 persone al primo piano - Cefal\u00f9 in Casa","og_description":"Lorem ipsum dolor sit amet, consectetuer adipiscing elit, sed diam nonummy nibh euismod tincidunt ut laoreet dolore magna aliquam erat volutpat. Ut wisi enim ad minim veniam, quis nostrud exerci tation ullamcorper suscipit lobortis nisl ut aliquip ex ea commodo consequat.","og_url":"https:\/\/www.cefaluincasa.com\/it\/cefalu-appartamenti-vacanze\/bilocale-4-persone-al-primo-piano-it\/","og_site_name":"Cefal\u00f9 in Casa","article_modified_time":"2018-01-20T15:34:08+00:00","og_image":[{"width":400,"height":600,"url":"https:\/\/www.cefaluincasa.com\/wp-content\/uploads\/2018\/01\/246095721.jpg","type":"image\/jpeg"}],"twitter_card":"summary_large_image","twitter_misc":{"Tempo di lettura stimato":"1 minuto"},"schema":{"@context":"https:\/\/schema.org","@graph":[{"@type":"WebPage","@id":"https:\/\/www.cefaluincasa.com\/it\/cefalu-appartamenti-vacanze\/bilocale-4-persone-al-primo-piano-it\/","url":"https:\/\/www.cefaluincasa.com\/it\/cefalu-appartamenti-vacanze\/bilocale-4-persone-al-primo-piano-it\/","name":"Bilocale per 4 persone al primo piano - Cefal\u00f9 in Casa","isPartOf":{"@id":"https:\/\/www.cefaluincasa.com\/#website"},"primaryImageOfPage":{"@id":"https:\/\/www.cefaluincasa.com\/it\/cefalu-appartamenti-vacanze\/bilocale-4-persone-al-primo-piano-it\/#primaryimage"},"image":{"@id":"https:\/\/www.cefaluincasa.com\/it\/cefalu-appartamenti-vacanze\/bilocale-4-persone-al-primo-piano-it\/#primaryimage"},"thumbnailUrl":"https:\/\/www.cefaluincasa.com\/wp-content\/uploads\/2018\/01\/246095721.jpg","datePublished":"2017-04-19T09:04:41+00:00","dateModified":"2018-01-20T15:34:08+00:00","breadcrumb":{"@id":"https:\/\/www.cefaluincasa.com\/it\/cefalu-appartamenti-vacanze\/bilocale-4-persone-al-primo-piano-it\/#breadcrumb"},"inLanguage":"it-IT","potentialAction":[{"@type":"ReadAction","target":["https:\/\/www.cefaluincasa.com\/it\/cefalu-appartamenti-vacanze\/bilocale-4-persone-al-primo-piano-it\/"]}]},{"@type":"ImageObject","inLanguage":"it-IT","@id":"https:\/\/www.cefaluincasa.com\/it\/cefalu-appartamenti-vacanze\/bilocale-4-persone-al-primo-piano-it\/#primaryimage","url":"https:\/\/www.cefaluincasa.com\/wp-content\/uploads\/2018\/01\/246095721.jpg","contentUrl":"https:\/\/www.cefaluincasa.com\/wp-content\/uploads\/2018\/01\/246095721.jpg","width":400,"height":600},{"@type":"BreadcrumbList","@id":"https:\/\/www.cefaluincasa.com\/it\/cefalu-appartamenti-vacanze\/bilocale-4-persone-al-primo-piano-it\/#breadcrumb","itemListElement":[{"@type":"ListItem","position":1,"name":"Home","item":"https:\/\/www.cefaluincasa.com\/it\/"},{"@type":"ListItem","position":2,"name":"Appartamenti in affitto a Cefal\u00f9","item":"https:\/\/www.cefaluincasa.com\/it\/cefalu-appartamenti-vacanze\/"},{"@type":"ListItem","position":3,"name":"Bilocale per 4 persone al primo piano"}]},{"@type":"WebSite","@id":"https:\/\/www.cefaluincasa.com\/#website","url":"https:\/\/www.cefaluincasa.com\/","name":"Cefal\u00f9 in Casa","description":"","publisher":{"@id":"https:\/\/www.cefaluincasa.com\/#organization"},"potentialAction":[{"@type":"SearchAction","target":{"@type":"EntryPoint","urlTemplate":"https:\/\/www.cefaluincasa.com\/?s={search_term_string}"},"query-input":{"@type":"PropertyValueSpecification","valueRequired":true,"valueName":"search_term_string"}}],"inLanguage":"it-IT"},{"@type":"Organization","@id":"https:\/\/www.cefaluincasa.com\/#organization","name":"Cefal\u00f9 in Casa","url":"https:\/\/www.cefaluincasa.com\/","logo":{"@type":"ImageObject","inLanguage":"it-IT","@id":"https:\/\/www.cefaluincasa.com\/#\/schema\/logo\/image\/","url":"https:\/\/cefaluincasa.com\/wp-content\/uploads\/2017\/03\/cefaluincasa.png","contentUrl":"https:\/\/cefaluincasa.com\/wp-content\/uploads\/2017\/03\/cefaluincasa.png","width":194,"height":50,"caption":"Cefal\u00f9 in Casa"},"image":{"@id":"https:\/\/www.cefaluincasa.com\/#\/schema\/logo\/image\/"}}]}},"_links":{"self":[{"href":"https:\/\/www.cefaluincasa.com\/it\/wp-json\/wp\/v2\/pages\/119","targetHints":{"allow":["GET"]}}],"collection":[{"href":"https:\/\/www.cefaluincasa.com\/it\/wp-json\/wp\/v2\/pages"}],"about":[{"href":"https:\/\/www.cefaluincasa.com\/it\/wp-json\/wp\/v2\/types\/page"}],"author":[{"embeddable":true,"href":"https:\/\/www.cefaluincasa.com\/it\/wp-json\/wp\/v2\/users\/1"}],"replies":[{"embeddable":true,"href":"https:\/\/www.cefaluincasa.com\/it\/wp-json\/wp\/v2\/comments?post=119"}],"version-history":[{"count":5,"href":"https:\/\/www.cefaluincasa.com\/it\/wp-json\/wp\/v2\/pages\/119\/revisions"}],"predecessor-version":[{"id":210,"href":"https:\/\/www.cefaluincasa.com\/it\/wp-json\/wp\/v2\/pages\/119\/revisions\/210"}],"up":[{"embeddable":true,"href":"https:\/\/www.cefaluincasa.com\/it\/wp-json\/wp\/v2\/pages\/125"}],"wp:featuredmedia":[{"embeddable":true,"href":"https:\/\/www.cefaluincasa.com\/it\/wp-json\/wp\/v2\/media\/950"}],"wp:attachment":[{"href":"https:\/\/www.cefaluincasa.com\/it\/wp-json\/wp\/v2\/media?parent=119"}],"curies":[{"name":"wp","href":"https:\/\/api.w.org\/{rel}","templated":true}]}}