{"id":246,"date":"2017-05-09T15:37:29","date_gmt":"2017-05-09T13:37:29","guid":{"rendered":"http:\/\/www.cefaluincasa.com\/?page_id=246\/"},"modified":"2017-05-29T16:40:08","modified_gmt":"2017-05-29T14:40:08","slug":"cosa-fare-cefalu","status":"publish","type":"page","link":"https:\/\/www.cefaluincasa.com\/it\/cosa-fare-cefalu\/","title":{"rendered":"Cosa fare a Cefal\u00f9"},"content":{"rendered":"<p>Il complesso \u00e8 il punto di partenza ideale per muoversi alla scoperta di Cefal\u00f9, la famosa Perla del Tirreno, una delle localit\u00e0 pi\u00f9 affascinanti dell&#8217; isola, ricca di storia, meta ideale per un soggiorno che sia la sintesi fra mare, cultura ed ambiente.<\/p>\n","protected":false},"excerpt":{"rendered":"<p>Hai prenotato una delle nostre case vacanza a Cefal\u00f9? Scopri di pi\u00f9 su luoghi da visitare ed eventi, sulle migliori spiagge in zona e i panorami che non puoi perdere!<\/p>\n","protected":false},"author":1,"featured_media":0,"parent":0,"menu_order":0,"comment_status":"closed","ping_status":"closed","template":"page-what-to-do-in.php","meta":{"footnotes":""},"class_list":["post-246","page","type-page","status-publish","hentry"],"yoast_head":"<!-- This site is optimized with the Yoast SEO plugin v26.8 - https:\/\/yoast.com\/product\/yoast-seo-wordpress\/ -->\n<title>Cosa fare a Cefal\u00f9 - Cefal\u00f9 in Casa<\/title>\n<meta name=\"robots\" content=\"index, follow, max-snippet:-1, max-image-preview:large, max-video-preview:-1\" \/>\n<link rel=\"canonical\" href=\"https:\/\/www.cefaluincasa.com\/it\/cosa-fare-cefalu\/\" \/>\n<meta property=\"og:locale\" content=\"it_IT\" \/>\n<meta property=\"og:type\" content=\"article\" \/>\n<meta property=\"og:title\" content=\"Cosa fare a Cefal\u00f9 - Cefal\u00f9 in Casa\" \/>\n<meta property=\"og:description\" content=\"Hai prenotato una delle nostre case vacanza a Cefal\u00f9? Scopri di pi\u00f9 su luoghi da visitare ed eventi, sulle migliori spiagge in zona e i panorami che non puoi perdere!\" \/>\n<meta property=\"og:url\" content=\"https:\/\/www.cefaluincasa.com\/it\/cosa-fare-cefalu\/\" \/>\n<meta property=\"og:site_name\" content=\"Cefal\u00f9 in Casa\" \/>\n<meta property=\"article:modified_time\" content=\"2017-05-29T14:40:08+00:00\" \/>\n<meta property=\"og:image\" content=\"https:\/\/www.cefaluincasa.com\/wp-content\/uploads\/2018\/01\/cut.jpg\" \/>\n\t<meta property=\"og:image:width\" content=\"1201\" \/>\n\t<meta property=\"og:image:height\" content=\"564\" \/>\n\t<meta property=\"og:image:type\" content=\"image\/jpeg\" \/>\n<meta name=\"twitter:card\" content=\"summary_large_image\" \/>\n<script type=\"application\/ld+json\" class=\"yoast-schema-graph\">{\"@context\":\"https:\/\/schema.org\",\"@graph\":[{\"@type\":\"WebPage\",\"@id\":\"https:\/\/www.cefaluincasa.com\/it\/cosa-fare-cefalu\/\",\"url\":\"https:\/\/www.cefaluincasa.com\/it\/cosa-fare-cefalu\/\",\"name\":\"Cosa fare a Cefal\u00f9 - Cefal\u00f9 in Casa\",\"isPartOf\":{\"@id\":\"https:\/\/www.cefaluincasa.com\/#website\"},\"datePublished\":\"2017-05-09T13:37:29+00:00\",\"dateModified\":\"2017-05-29T14:40:08+00:00\",\"breadcrumb\":{\"@id\":\"https:\/\/www.cefaluincasa.com\/it\/cosa-fare-cefalu\/#breadcrumb\"},\"inLanguage\":\"it-IT\",\"potentialAction\":[{\"@type\":\"ReadAction\",\"target\":[\"https:\/\/www.cefaluincasa.com\/it\/cosa-fare-cefalu\/\"]}]},{\"@type\":\"BreadcrumbList\",\"@id\":\"https:\/\/www.cefaluincasa.com\/it\/cosa-fare-cefalu\/#breadcrumb\",\"itemListElement\":[{\"@type\":\"ListItem\",\"position\":1,\"name\":\"Home\",\"item\":\"https:\/\/www.cefaluincasa.com\/it\/\"},{\"@type\":\"ListItem\",\"position\":2,\"name\":\"Cosa fare a Cefal\u00f9\"}]},{\"@type\":\"WebSite\",\"@id\":\"https:\/\/www.cefaluincasa.com\/#website\",\"url\":\"https:\/\/www.cefaluincasa.com\/\",\"name\":\"Cefal\u00f9 in Casa\",\"description\":\"\",\"publisher\":{\"@id\":\"https:\/\/www.cefaluincasa.com\/#organization\"},\"potentialAction\":[{\"@type\":\"SearchAction\",\"target\":{\"@type\":\"EntryPoint\",\"urlTemplate\":\"https:\/\/www.cefaluincasa.com\/?s={search_term_string}\"},\"query-input\":{\"@type\":\"PropertyValueSpecification\",\"valueRequired\":true,\"valueName\":\"search_term_string\"}}],\"inLanguage\":\"it-IT\"},{\"@type\":\"Organization\",\"@id\":\"https:\/\/www.cefaluincasa.com\/#organization\",\"name\":\"Cefal\u00f9 in Casa\",\"url\":\"https:\/\/www.cefaluincasa.com\/\",\"logo\":{\"@type\":\"ImageObject\",\"inLanguage\":\"it-IT\",\"@id\":\"https:\/\/www.cefaluincasa.com\/#\/schema\/logo\/image\/\",\"url\":\"https:\/\/cefaluincasa.com\/wp-content\/uploads\/2017\/03\/cefaluincasa.png\",\"contentUrl\":\"https:\/\/cefaluincasa.com\/wp-content\/uploads\/2017\/03\/cefaluincasa.png\",\"width\":194,\"height\":50,\"caption\":\"Cefal\u00f9 in Casa\"},\"image\":{\"@id\":\"https:\/\/www.cefaluincasa.com\/#\/schema\/logo\/image\/\"}}]}<\/script>\n<!-- \/ Yoast SEO plugin. -->","yoast_head_json":{"title":"Cosa fare a Cefal\u00f9 - Cefal\u00f9 in Casa","robots":{"index":"index","follow":"follow","max-snippet":"max-snippet:-1","max-image-preview":"max-image-preview:large","max-video-preview":"max-video-preview:-1"},"canonical":"https:\/\/www.cefaluincasa.com\/it\/cosa-fare-cefalu\/","og_locale":"it_IT","og_type":"article","og_title":"Cosa fare a Cefal\u00f9 - Cefal\u00f9 in Casa","og_description":"Hai prenotato una delle nostre case vacanza a Cefal\u00f9? Scopri di pi\u00f9 su luoghi da visitare ed eventi, sulle migliori spiagge in zona e i panorami che non puoi perdere!","og_url":"https:\/\/www.cefaluincasa.com\/it\/cosa-fare-cefalu\/","og_site_name":"Cefal\u00f9 in Casa","article_modified_time":"2017-05-29T14:40:08+00:00","og_image":[{"width":1201,"height":564,"url":"https:\/\/www.cefaluincasa.com\/wp-content\/uploads\/2018\/01\/cut.jpg","type":"image\/jpeg"}],"twitter_card":"summary_large_image","schema":{"@context":"https:\/\/schema.org","@graph":[{"@type":"WebPage","@id":"https:\/\/www.cefaluincasa.com\/it\/cosa-fare-cefalu\/","url":"https:\/\/www.cefaluincasa.com\/it\/cosa-fare-cefalu\/","name":"Cosa fare a Cefal\u00f9 - Cefal\u00f9 in Casa","isPartOf":{"@id":"https:\/\/www.cefaluincasa.com\/#website"},"datePublished":"2017-05-09T13:37:29+00:00","dateModified":"2017-05-29T14:40:08+00:00","breadcrumb":{"@id":"https:\/\/www.cefaluincasa.com\/it\/cosa-fare-cefalu\/#breadcrumb"},"inLanguage":"it-IT","potentialAction":[{"@type":"ReadAction","target":["https:\/\/www.cefaluincasa.com\/it\/cosa-fare-cefalu\/"]}]},{"@type":"BreadcrumbList","@id":"https:\/\/www.cefaluincasa.com\/it\/cosa-fare-cefalu\/#breadcrumb","itemListElement":[{"@type":"ListItem","position":1,"name":"Home","item":"https:\/\/www.cefaluincasa.com\/it\/"},{"@type":"ListItem","position":2,"name":"Cosa fare a Cefal\u00f9"}]},{"@type":"WebSite","@id":"https:\/\/www.cefaluincasa.com\/#website","url":"https:\/\/www.cefaluincasa.com\/","name":"Cefal\u00f9 in Casa","description":"","publisher":{"@id":"https:\/\/www.cefaluincasa.com\/#organization"},"potentialAction":[{"@type":"SearchAction","target":{"@type":"EntryPoint","urlTemplate":"https:\/\/www.cefaluincasa.com\/?s={search_term_string}"},"query-input":{"@type":"PropertyValueSpecification","valueRequired":true,"valueName":"search_term_string"}}],"inLanguage":"it-IT"},{"@type":"Organization","@id":"https:\/\/www.cefaluincasa.com\/#organization","name":"Cefal\u00f9 in Casa","url":"https:\/\/www.cefaluincasa.com\/","logo":{"@type":"ImageObject","inLanguage":"it-IT","@id":"https:\/\/www.cefaluincasa.com\/#\/schema\/logo\/image\/","url":"https:\/\/cefaluincasa.com\/wp-content\/uploads\/2017\/03\/cefaluincasa.png","contentUrl":"https:\/\/cefaluincasa.com\/wp-content\/uploads\/2017\/03\/cefaluincasa.png","width":194,"height":50,"caption":"Cefal\u00f9 in Casa"},"image":{"@id":"https:\/\/www.cefaluincasa.com\/#\/schema\/logo\/image\/"}}]}},"_links":{"self":[{"href":"https:\/\/www.cefaluincasa.com\/it\/wp-json\/wp\/v2\/pages\/246","targetHints":{"allow":["GET"]}}],"collection":[{"href":"https:\/\/www.cefaluincasa.com\/it\/wp-json\/wp\/v2\/pages"}],"about":[{"href":"https:\/\/www.cefaluincasa.com\/it\/wp-json\/wp\/v2\/types\/page"}],"author":[{"embeddable":true,"href":"https:\/\/www.cefaluincasa.com\/it\/wp-json\/wp\/v2\/users\/1"}],"replies":[{"embeddable":true,"href":"https:\/\/www.cefaluincasa.com\/it\/wp-json\/wp\/v2\/comments?post=246"}],"version-history":[{"count":15,"href":"https:\/\/www.cefaluincasa.com\/it\/wp-json\/wp\/v2\/pages\/246\/revisions"}],"predecessor-version":[{"id":653,"href":"https:\/\/www.cefaluincasa.com\/it\/wp-json\/wp\/v2\/pages\/246\/revisions\/653"}],"wp:attachment":[{"href":"https:\/\/www.cefaluincasa.com\/it\/wp-json\/wp\/v2\/media?parent=246"}],"curies":[{"name":"wp","href":"https:\/\/api.w.org\/{rel}","templated":true}]}}