{"id":375,"date":"2017-05-10T09:58:30","date_gmt":"2017-05-10T07:58:30","guid":{"rendered":"http:\/\/www.cefaluincasa.com\/?page_id=375\/"},"modified":"2018-01-23T09:37:41","modified_gmt":"2018-01-23T08:37:41","slug":"la-citta-di-cefalu","status":"publish","type":"page","link":"https:\/\/www.cefaluincasa.com\/it\/cosa-fare-cefalu\/la-citta-di-cefalu\/","title":{"rendered":"LA CITT\u00c0 DI CEFAL\u00d9"},"content":{"rendered":"<p>Il nucleo\u00a0medioevale di <strong>Cefal\u00f9<\/strong> si trova\u00a0sotto la famosa Rocca che la domina e insieme al Duomo ne caratterizza il profilo tanto da renderne il panorama tipico e molto riconoscibile. Il centro storico si trova a pochi passi dalle nostre <a title=\"Cefal\u00f9 case vacanza\" href=\"\/it\/\">case vacanza a Cefal\u00f9<\/a>: avrete dunque la possibilit\u00e0 di fare una passeggiata per le vie del centro in qualsiasi momento.<\/p>\n<p>La citt\u00e0 fa parte del Parco delle Madonie ed \u00e8 inclusa nel club de I borghi pi\u00f9 belli d&#8217;Italia, l&#8217;associazione dei piccoli centri italiani che si distinguono per la grande rilevanza artistica, culturale e storica, per l&#8217;armonia del tessuto urbano, la vivibilit\u00e0 e i servizi ai cittadini.<\/p>\n<p>Con la Sua Cattedrale e il suo splendido mosaico del Cristo Pantocratore e l\u2019annesso Chiostro \u00e8 entrata a far parte da luglio 2015 del percorso Arabo-Normanno dichiarato dall&#8217;<strong>UNESCO<\/strong> \u201cPatrimonio mondiale dell&#8217;umanit\u00e0\u201d.<\/p>\n<div id='gallery-1' class='gallery galleryid-375 gallery-columns-6 gallery-size-thumbnail'><dl class='gallery-item'>\n\t\t\t<dt class='gallery-icon landscape'>\n\t\t\t\t<a href='https:\/\/www.cefaluincasa.com\/wp-content\/uploads\/2018\/01\/DSC_1065b.jpg' title=\"\" data-rl_title=\"\" class=\"rl-gallery-link\" data-rl_caption=\"\" data-rel=\"lightbox-gallery-1\"><img loading=\"lazy\" decoding=\"async\" width=\"150\" height=\"150\" src=\"https:\/\/www.cefaluincasa.com\/wp-content\/uploads\/2018\/01\/DSC_1065b-150x150.jpg\" class=\"attachment-thumbnail size-thumbnail\" alt=\"\" srcset=\"https:\/\/www.cefaluincasa.com\/wp-content\/uploads\/2018\/01\/DSC_1065b-150x150.jpg 150w, https:\/\/www.cefaluincasa.com\/wp-content\/uploads\/2018\/01\/DSC_1065b-200x200.jpg 200w\" sizes=\"auto, (max-width: 150px) 100vw, 150px\" \/><\/a>\n\t\t\t<\/dt><\/dl><dl class='gallery-item'>\n\t\t\t<dt class='gallery-icon portrait'>\n\t\t\t\t<a href='https:\/\/www.cefaluincasa.com\/wp-content\/uploads\/2018\/01\/chiesa.jpg' title=\"\" data-rl_title=\"\" class=\"rl-gallery-link\" data-rl_caption=\"\" data-rel=\"lightbox-gallery-1\"><img loading=\"lazy\" decoding=\"async\" width=\"150\" height=\"150\" src=\"https:\/\/www.cefaluincasa.com\/wp-content\/uploads\/2018\/01\/chiesa-150x150.jpg\" class=\"attachment-thumbnail size-thumbnail\" alt=\"\" srcset=\"https:\/\/www.cefaluincasa.com\/wp-content\/uploads\/2018\/01\/chiesa-150x150.jpg 150w, https:\/\/www.cefaluincasa.com\/wp-content\/uploads\/2018\/01\/chiesa-200x200.jpg 200w\" sizes=\"auto, (max-width: 150px) 100vw, 150px\" \/><\/a>\n\t\t\t<\/dt><\/dl><dl class='gallery-item'>\n\t\t\t<dt class='gallery-icon landscape'>\n\t\t\t\t<a href='https:\/\/www.cefaluincasa.com\/wp-content\/uploads\/2018\/01\/1447937767Cefal\u00f9_-_Tempio_di_Diana.jpg' title=\"\" data-rl_title=\"\" class=\"rl-gallery-link\" data-rl_caption=\"\" data-rel=\"lightbox-gallery-1\"><img loading=\"lazy\" decoding=\"async\" width=\"150\" height=\"150\" src=\"https:\/\/www.cefaluincasa.com\/wp-content\/uploads\/2018\/01\/1447937767Cefal\u00f9_-_Tempio_di_Diana-150x150.jpg\" class=\"attachment-thumbnail size-thumbnail\" alt=\"\" srcset=\"https:\/\/www.cefaluincasa.com\/wp-content\/uploads\/2018\/01\/1447937767Cefal\u00f9_-_Tempio_di_Diana-150x150.jpg 150w, https:\/\/www.cefaluincasa.com\/wp-content\/uploads\/2018\/01\/1447937767Cefal\u00f9_-_Tempio_di_Diana-200x200.jpg 200w\" sizes=\"auto, (max-width: 150px) 100vw, 150px\" \/><\/a>\n\t\t\t<\/dt><\/dl><dl class='gallery-item'>\n\t\t\t<dt class='gallery-icon portrait'>\n\t\t\t\t<a href='https:\/\/www.cefaluincasa.com\/wp-content\/uploads\/2018\/01\/DSC_1039b.jpg' title=\"\" data-rl_title=\"\" class=\"rl-gallery-link\" data-rl_caption=\"\" data-rel=\"lightbox-gallery-1\"><img loading=\"lazy\" decoding=\"async\" width=\"150\" height=\"150\" src=\"https:\/\/www.cefaluincasa.com\/wp-content\/uploads\/2018\/01\/DSC_1039b-150x150.jpg\" class=\"attachment-thumbnail size-thumbnail\" alt=\"\" srcset=\"https:\/\/www.cefaluincasa.com\/wp-content\/uploads\/2018\/01\/DSC_1039b-150x150.jpg 150w, https:\/\/www.cefaluincasa.com\/wp-content\/uploads\/2018\/01\/DSC_1039b-200x200.jpg 200w\" sizes=\"auto, (max-width: 150px) 100vw, 150px\" \/><\/a>\n\t\t\t<\/dt><\/dl><dl class='gallery-item'>\n\t\t\t<dt class='gallery-icon portrait'>\n\t\t\t\t<a href='https:\/\/www.cefaluincasa.com\/wp-content\/uploads\/2018\/01\/DSC_1057b.jpg' title=\"\" data-rl_title=\"\" class=\"rl-gallery-link\" data-rl_caption=\"\" data-rel=\"lightbox-gallery-1\"><img loading=\"lazy\" decoding=\"async\" width=\"150\" height=\"150\" src=\"https:\/\/www.cefaluincasa.com\/wp-content\/uploads\/2018\/01\/DSC_1057b-150x150.jpg\" class=\"attachment-thumbnail size-thumbnail\" alt=\"\" srcset=\"https:\/\/www.cefaluincasa.com\/wp-content\/uploads\/2018\/01\/DSC_1057b-150x150.jpg 150w, https:\/\/www.cefaluincasa.com\/wp-content\/uploads\/2018\/01\/DSC_1057b-200x200.jpg 200w\" sizes=\"auto, (max-width: 150px) 100vw, 150px\" \/><\/a>\n\t\t\t<\/dt><\/dl><dl class='gallery-item'>\n\t\t\t<dt class='gallery-icon portrait'>\n\t\t\t\t<a href='https:\/\/www.cefaluincasa.com\/wp-content\/uploads\/2018\/01\/DSC_1061b.jpg' title=\"\" data-rl_title=\"\" class=\"rl-gallery-link\" data-rl_caption=\"\" data-rel=\"lightbox-gallery-1\"><img loading=\"lazy\" decoding=\"async\" width=\"150\" height=\"150\" src=\"https:\/\/www.cefaluincasa.com\/wp-content\/uploads\/2018\/01\/DSC_1061b-150x150.jpg\" class=\"attachment-thumbnail size-thumbnail\" alt=\"\" srcset=\"https:\/\/www.cefaluincasa.com\/wp-content\/uploads\/2018\/01\/DSC_1061b-150x150.jpg 150w, https:\/\/www.cefaluincasa.com\/wp-content\/uploads\/2018\/01\/DSC_1061b-200x200.jpg 200w\" sizes=\"auto, (max-width: 150px) 100vw, 150px\" \/><\/a>\n\t\t\t<\/dt><\/dl><br style=\"clear: both\" \/>\n\t\t<\/div>\n\n<p>Di particolare interesse sono anche: il Lavatoio &#8220;Medievale&#8221;, foce del fiume Cefalino che, nascendo dalle montagne alle spalle di Gratteri, giunge a Cefal\u00f9 attraverso un percorso sotterraneo; il Museo Mandralisca, dove \u00e8 possibile ammirare il famoso dipinto \u201cIl Ritratto di Ignoto\u201d di Antonello da Messina e il \u201cCratere con venditore di tonno\u201d un antico vaso greco a figure rosse e sfondo nero; la famosa Rocca sulla cui sommit\u00e0 sono ancora visibili alcuni resti dell\u2019antica roccaforte saracena ed i resti del tempio di Diana (che presumibilmente risale ai tempi sicano-greci), visitata dai turisti soprattutto nei caldi mesi estivi particolarmente attratti dalla vista spettacolare.<\/p>\n<p>Da vedere anche la Chiesa dell&#8217;Addolorata, la Chiesa della Catena, l&#8217;Osterio Magno che \u00e8 un&#8217;antica fortezza Normanna, la Chiesa del Purgatorio, l&#8217;ex Convento di S.Caterina, l&#8217;Oratorio del Sacramento e il Palazzo vescovile.<\/p>\n<p>Da non dimenticare, a circa 15 chilometri da Cefal\u00f9, in una frazione di Cefal\u00f9 alle pendici del Pizzo S.Angelo, una vetta delle Madonie, il prezioso<strong> Santuario di Gibilmanna<\/strong>. Tra una f\u00ectta vegetazione di castagni, querce e frassini, sorge questo interessante luogo di culto e meta di pellegrinaggi all\u2019interno del quale si pu\u00f2 ammirare l&#8217;altare barocco con marmi policromi di pregevole fattura.<\/p>\n<p><img loading=\"lazy\" decoding=\"async\" class=\"wp-image-1088 size-full aligncenter\" src=\"https:\/\/cefaluincasa.com\/wp-content\/uploads\/2018\/01\/santuario-gibilmanna.jpg\" alt=\"\" width=\"550\" height=\"234\" srcset=\"https:\/\/www.cefaluincasa.com\/wp-content\/uploads\/2018\/01\/santuario-gibilmanna.jpg 550w, https:\/\/www.cefaluincasa.com\/wp-content\/uploads\/2018\/01\/santuario-gibilmanna-300x128.jpg 300w\" sizes=\"auto, (max-width: 550px) 100vw, 550px\" \/><\/p>\n<p><strong>Parcheggiare a Cefal\u00f9<\/strong><\/p>\n<p>La maggior parte dei parcheggi a Cefal\u00f9 sono a pagamento, e sono indicati con strisce di colore blu. I parcheggi segnati con le strisce bianche sono riservati per i residenti.<\/p>\n<p>Il costo del parcheggio \u00e8 di 0,80 centesimi l\u2019ora. Il ticket per il parcheggio va ritirato presso una delle macchinette presenti in tutte le zone di sosta a pagamento.<\/p>\n<p>Ci sono comunque anche numerosi parcheggi privati nel lungomare, con un costo che va dai 5 ai 10 euro al giorno.<\/p>\n<p><i>Centro storico \u2013 Corso Ruggero:<\/i><\/p>\n<p>E\u2019 aperto al traffico dalle 5:00 alle 9:30 e dalle 13:00 alle 16:30.<\/p>\n<p><strong>I dintorni di Cefal\u00f9<\/strong><\/p>\n<p>Grazie alla sua posizione strategica il residence \u00e8 il punto di partenza ideale per muoversi alla scoperta delle localit\u00e0 pi\u00f9 affascinanti dell\u2019isola, alternando escursioni a giornate di relax in piscina.<\/p>\n<p>Palermo, Agrigento, Trapani, Erice, Segesta, Piazza Armerina, Tindari, le isole Eolie e tutti i comuni del Parco delle Madonie, da scoprire con le loro tradizioni, culturali e enogastronomiche.<\/p>\n","protected":false},"excerpt":{"rendered":"<p>A pochi passi dal residence si trova l&#8217;affascinante centro storico di Cefal\u00f9, con la cattedrale entrata a far parte del patrimonio UNESCO.<\/p>\n","protected":false},"author":1,"featured_media":398,"parent":246,"menu_order":0,"comment_status":"closed","ping_status":"closed","template":"","meta":{"footnotes":""},"class_list":["post-375","page","type-page","status-publish","has-post-thumbnail","hentry"],"yoast_head":"<!-- This site is optimized with the Yoast SEO plugin v26.8 - https:\/\/yoast.com\/product\/yoast-seo-wordpress\/ -->\n<title>LA CITT\u00c0 DI CEFAL\u00d9 - Cefal\u00f9 in Casa<\/title>\n<meta name=\"robots\" content=\"index, follow, max-snippet:-1, max-image-preview:large, max-video-preview:-1\" \/>\n<link rel=\"canonical\" href=\"https:\/\/www.cefaluincasa.com\/it\/cosa-fare-cefalu\/la-citta-di-cefalu\/\" \/>\n<meta property=\"og:locale\" content=\"it_IT\" \/>\n<meta property=\"og:type\" content=\"article\" \/>\n<meta property=\"og:title\" content=\"LA CITT\u00c0 DI CEFAL\u00d9 - Cefal\u00f9 in Casa\" \/>\n<meta property=\"og:description\" content=\"A pochi passi dal residence si trova l&#039;affascinante centro storico di Cefal\u00f9, con la cattedrale entrata a far parte del patrimonio UNESCO.\" \/>\n<meta property=\"og:url\" content=\"https:\/\/www.cefaluincasa.com\/it\/cosa-fare-cefalu\/la-citta-di-cefalu\/\" \/>\n<meta property=\"og:site_name\" content=\"Cefal\u00f9 in Casa\" \/>\n<meta property=\"article:modified_time\" content=\"2018-01-23T08:37:41+00:00\" \/>\n<meta property=\"og:image\" content=\"https:\/\/www.cefaluincasa.com\/wp-content\/uploads\/2017\/05\/cefalu.04.jpg\" \/>\n\t<meta property=\"og:image:width\" content=\"1800\" \/>\n\t<meta property=\"og:image:height\" content=\"1012\" \/>\n\t<meta property=\"og:image:type\" content=\"image\/jpeg\" \/>\n<meta name=\"twitter:card\" content=\"summary_large_image\" \/>\n<meta name=\"twitter:label1\" content=\"Tempo di lettura stimato\" \/>\n\t<meta name=\"twitter:data1\" content=\"2 minuti\" \/>\n<script type=\"application\/ld+json\" class=\"yoast-schema-graph\">{\"@context\":\"https:\/\/schema.org\",\"@graph\":[{\"@type\":\"WebPage\",\"@id\":\"https:\/\/www.cefaluincasa.com\/it\/cosa-fare-cefalu\/la-citta-di-cefalu\/\",\"url\":\"https:\/\/www.cefaluincasa.com\/it\/cosa-fare-cefalu\/la-citta-di-cefalu\/\",\"name\":\"LA CITT\u00c0 DI CEFAL\u00d9 - Cefal\u00f9 in Casa\",\"isPartOf\":{\"@id\":\"https:\/\/www.cefaluincasa.com\/#website\"},\"primaryImageOfPage\":{\"@id\":\"https:\/\/www.cefaluincasa.com\/it\/cosa-fare-cefalu\/la-citta-di-cefalu\/#primaryimage\"},\"image\":{\"@id\":\"https:\/\/www.cefaluincasa.com\/it\/cosa-fare-cefalu\/la-citta-di-cefalu\/#primaryimage\"},\"thumbnailUrl\":\"https:\/\/www.cefaluincasa.com\/wp-content\/uploads\/2017\/05\/cefalu.04.jpg\",\"datePublished\":\"2017-05-10T07:58:30+00:00\",\"dateModified\":\"2018-01-23T08:37:41+00:00\",\"breadcrumb\":{\"@id\":\"https:\/\/www.cefaluincasa.com\/it\/cosa-fare-cefalu\/la-citta-di-cefalu\/#breadcrumb\"},\"inLanguage\":\"it-IT\",\"potentialAction\":[{\"@type\":\"ReadAction\",\"target\":[\"https:\/\/www.cefaluincasa.com\/it\/cosa-fare-cefalu\/la-citta-di-cefalu\/\"]}]},{\"@type\":\"ImageObject\",\"inLanguage\":\"it-IT\",\"@id\":\"https:\/\/www.cefaluincasa.com\/it\/cosa-fare-cefalu\/la-citta-di-cefalu\/#primaryimage\",\"url\":\"https:\/\/www.cefaluincasa.com\/wp-content\/uploads\/2017\/05\/cefalu.04.jpg\",\"contentUrl\":\"https:\/\/www.cefaluincasa.com\/wp-content\/uploads\/2017\/05\/cefalu.04.jpg\",\"width\":1800,\"height\":1012},{\"@type\":\"BreadcrumbList\",\"@id\":\"https:\/\/www.cefaluincasa.com\/it\/cosa-fare-cefalu\/la-citta-di-cefalu\/#breadcrumb\",\"itemListElement\":[{\"@type\":\"ListItem\",\"position\":1,\"name\":\"Home\",\"item\":\"https:\/\/www.cefaluincasa.com\/it\/\"},{\"@type\":\"ListItem\",\"position\":2,\"name\":\"Cosa fare a Cefal\u00f9\",\"item\":\"https:\/\/www.cefaluincasa.com\/it\/cosa-fare-cefalu\/\"},{\"@type\":\"ListItem\",\"position\":3,\"name\":\"LA CITT\u00c0 DI CEFAL\u00d9\"}]},{\"@type\":\"WebSite\",\"@id\":\"https:\/\/www.cefaluincasa.com\/#website\",\"url\":\"https:\/\/www.cefaluincasa.com\/\",\"name\":\"Cefal\u00f9 in Casa\",\"description\":\"\",\"publisher\":{\"@id\":\"https:\/\/www.cefaluincasa.com\/#organization\"},\"potentialAction\":[{\"@type\":\"SearchAction\",\"target\":{\"@type\":\"EntryPoint\",\"urlTemplate\":\"https:\/\/www.cefaluincasa.com\/?s={search_term_string}\"},\"query-input\":{\"@type\":\"PropertyValueSpecification\",\"valueRequired\":true,\"valueName\":\"search_term_string\"}}],\"inLanguage\":\"it-IT\"},{\"@type\":\"Organization\",\"@id\":\"https:\/\/www.cefaluincasa.com\/#organization\",\"name\":\"Cefal\u00f9 in Casa\",\"url\":\"https:\/\/www.cefaluincasa.com\/\",\"logo\":{\"@type\":\"ImageObject\",\"inLanguage\":\"it-IT\",\"@id\":\"https:\/\/www.cefaluincasa.com\/#\/schema\/logo\/image\/\",\"url\":\"https:\/\/cefaluincasa.com\/wp-content\/uploads\/2017\/03\/cefaluincasa.png\",\"contentUrl\":\"https:\/\/cefaluincasa.com\/wp-content\/uploads\/2017\/03\/cefaluincasa.png\",\"width\":194,\"height\":50,\"caption\":\"Cefal\u00f9 in Casa\"},\"image\":{\"@id\":\"https:\/\/www.cefaluincasa.com\/#\/schema\/logo\/image\/\"}}]}<\/script>\n<!-- \/ Yoast SEO plugin. -->","yoast_head_json":{"title":"LA CITT\u00c0 DI CEFAL\u00d9 - Cefal\u00f9 in Casa","robots":{"index":"index","follow":"follow","max-snippet":"max-snippet:-1","max-image-preview":"max-image-preview:large","max-video-preview":"max-video-preview:-1"},"canonical":"https:\/\/www.cefaluincasa.com\/it\/cosa-fare-cefalu\/la-citta-di-cefalu\/","og_locale":"it_IT","og_type":"article","og_title":"LA CITT\u00c0 DI CEFAL\u00d9 - Cefal\u00f9 in Casa","og_description":"A pochi passi dal residence si trova l'affascinante centro storico di Cefal\u00f9, con la cattedrale entrata a far parte del patrimonio UNESCO.","og_url":"https:\/\/www.cefaluincasa.com\/it\/cosa-fare-cefalu\/la-citta-di-cefalu\/","og_site_name":"Cefal\u00f9 in Casa","article_modified_time":"2018-01-23T08:37:41+00:00","og_image":[{"width":1800,"height":1012,"url":"https:\/\/www.cefaluincasa.com\/wp-content\/uploads\/2017\/05\/cefalu.04.jpg","type":"image\/jpeg"}],"twitter_card":"summary_large_image","twitter_misc":{"Tempo di lettura stimato":"2 minuti"},"schema":{"@context":"https:\/\/schema.org","@graph":[{"@type":"WebPage","@id":"https:\/\/www.cefaluincasa.com\/it\/cosa-fare-cefalu\/la-citta-di-cefalu\/","url":"https:\/\/www.cefaluincasa.com\/it\/cosa-fare-cefalu\/la-citta-di-cefalu\/","name":"LA CITT\u00c0 DI CEFAL\u00d9 - Cefal\u00f9 in Casa","isPartOf":{"@id":"https:\/\/www.cefaluincasa.com\/#website"},"primaryImageOfPage":{"@id":"https:\/\/www.cefaluincasa.com\/it\/cosa-fare-cefalu\/la-citta-di-cefalu\/#primaryimage"},"image":{"@id":"https:\/\/www.cefaluincasa.com\/it\/cosa-fare-cefalu\/la-citta-di-cefalu\/#primaryimage"},"thumbnailUrl":"https:\/\/www.cefaluincasa.com\/wp-content\/uploads\/2017\/05\/cefalu.04.jpg","datePublished":"2017-05-10T07:58:30+00:00","dateModified":"2018-01-23T08:37:41+00:00","breadcrumb":{"@id":"https:\/\/www.cefaluincasa.com\/it\/cosa-fare-cefalu\/la-citta-di-cefalu\/#breadcrumb"},"inLanguage":"it-IT","potentialAction":[{"@type":"ReadAction","target":["https:\/\/www.cefaluincasa.com\/it\/cosa-fare-cefalu\/la-citta-di-cefalu\/"]}]},{"@type":"ImageObject","inLanguage":"it-IT","@id":"https:\/\/www.cefaluincasa.com\/it\/cosa-fare-cefalu\/la-citta-di-cefalu\/#primaryimage","url":"https:\/\/www.cefaluincasa.com\/wp-content\/uploads\/2017\/05\/cefalu.04.jpg","contentUrl":"https:\/\/www.cefaluincasa.com\/wp-content\/uploads\/2017\/05\/cefalu.04.jpg","width":1800,"height":1012},{"@type":"BreadcrumbList","@id":"https:\/\/www.cefaluincasa.com\/it\/cosa-fare-cefalu\/la-citta-di-cefalu\/#breadcrumb","itemListElement":[{"@type":"ListItem","position":1,"name":"Home","item":"https:\/\/www.cefaluincasa.com\/it\/"},{"@type":"ListItem","position":2,"name":"Cosa fare a Cefal\u00f9","item":"https:\/\/www.cefaluincasa.com\/it\/cosa-fare-cefalu\/"},{"@type":"ListItem","position":3,"name":"LA CITT\u00c0 DI CEFAL\u00d9"}]},{"@type":"WebSite","@id":"https:\/\/www.cefaluincasa.com\/#website","url":"https:\/\/www.cefaluincasa.com\/","name":"Cefal\u00f9 in Casa","description":"","publisher":{"@id":"https:\/\/www.cefaluincasa.com\/#organization"},"potentialAction":[{"@type":"SearchAction","target":{"@type":"EntryPoint","urlTemplate":"https:\/\/www.cefaluincasa.com\/?s={search_term_string}"},"query-input":{"@type":"PropertyValueSpecification","valueRequired":true,"valueName":"search_term_string"}}],"inLanguage":"it-IT"},{"@type":"Organization","@id":"https:\/\/www.cefaluincasa.com\/#organization","name":"Cefal\u00f9 in Casa","url":"https:\/\/www.cefaluincasa.com\/","logo":{"@type":"ImageObject","inLanguage":"it-IT","@id":"https:\/\/www.cefaluincasa.com\/#\/schema\/logo\/image\/","url":"https:\/\/cefaluincasa.com\/wp-content\/uploads\/2017\/03\/cefaluincasa.png","contentUrl":"https:\/\/cefaluincasa.com\/wp-content\/uploads\/2017\/03\/cefaluincasa.png","width":194,"height":50,"caption":"Cefal\u00f9 in Casa"},"image":{"@id":"https:\/\/www.cefaluincasa.com\/#\/schema\/logo\/image\/"}}]}},"_links":{"self":[{"href":"https:\/\/www.cefaluincasa.com\/it\/wp-json\/wp\/v2\/pages\/375","targetHints":{"allow":["GET"]}}],"collection":[{"href":"https:\/\/www.cefaluincasa.com\/it\/wp-json\/wp\/v2\/pages"}],"about":[{"href":"https:\/\/www.cefaluincasa.com\/it\/wp-json\/wp\/v2\/types\/page"}],"author":[{"embeddable":true,"href":"https:\/\/www.cefaluincasa.com\/it\/wp-json\/wp\/v2\/users\/1"}],"replies":[{"embeddable":true,"href":"https:\/\/www.cefaluincasa.com\/it\/wp-json\/wp\/v2\/comments?post=375"}],"version-history":[{"count":8,"href":"https:\/\/www.cefaluincasa.com\/it\/wp-json\/wp\/v2\/pages\/375\/revisions"}],"predecessor-version":[{"id":1127,"href":"https:\/\/www.cefaluincasa.com\/it\/wp-json\/wp\/v2\/pages\/375\/revisions\/1127"}],"up":[{"embeddable":true,"href":"https:\/\/www.cefaluincasa.com\/it\/wp-json\/wp\/v2\/pages\/246"}],"wp:featuredmedia":[{"embeddable":true,"href":"https:\/\/www.cefaluincasa.com\/it\/wp-json\/wp\/v2\/media\/398"}],"wp:attachment":[{"href":"https:\/\/www.cefaluincasa.com\/it\/wp-json\/wp\/v2\/media?parent=375"}],"curies":[{"name":"wp","href":"https:\/\/api.w.org\/{rel}","templated":true}]}}