{"id":385,"date":"2017-05-12T10:07:00","date_gmt":"2017-05-12T08:07:00","guid":{"rendered":"http:\/\/www.cefaluincasa.com\/?page_id=385\/"},"modified":"2017-12-14T12:43:15","modified_gmt":"2017-12-14T11:43:15","slug":"folklore-ed-eventi","status":"publish","type":"page","link":"https:\/\/www.cefaluincasa.com\/it\/cosa-fare-cefalu\/folklore-ed-eventi\/","title":{"rendered":"FOLKLORE ED EVENTI"},"content":{"rendered":"<p>Se avete prenotato una delle nostre <a title=\"ville cefal\u00f9\" href=\"https:\/\/www.cefaluincasa.com\/it\/ville-a-cefalu\/\">ville a Cefal\u00f9<\/a> avete l&#8217;occasione di partecipare ad alcuni eventi come sagre e festival che si tengono in citt\u00e0:<\/p>\n<p><strong><i>Earth Day Cefal<\/i><em>\u00f9 &#8211; 22 aprile<\/em><\/strong>\u00a0La\u00a0pi\u00f9 grande manifestazione ambientale internazionale in cui si celebra il Pianeta e se ne promuove la salvaguardia,<\/p>\n<p><strong><i>Targa Flor<\/i><em>io &#8211; Maggio<\/em><\/strong> La sfida di automobilismo prima in Sicilia e dal 1920 uno degli eventi pi\u00f9 importanti nel calendario motociclistico. Questo momento emozionante segna un flusso continuo tra passato e presente nello spirito che ha dato vita alla &#8220;Targa&#8221;. Lo scenario era, e sono tuttora le Madonie, Cefal\u00f9 inclusa. Ogni anno a maggio, partecipano grandi nomi del Campionato Italiano Rally ed i migliori piloti del Trofeo Rally Nazionale e quelli dell\u2019Associazione Italiana Rally Storici.<\/p>\n<p><strong><i>La Fruottula<\/i> <\/strong>&#8211;\u00a0<em><strong>17 giugno<\/strong><\/em> &#8216;A Fruottula, detta anche Festa del Pane \u00e8 una delle pi\u00f9 antiche testimonianze delle tradizioni di Cefal\u00f9, tramandata attraverso il succedersi delle generazioni mantenendo immutato il suo genuino gusto popolare. &#8211; Tradizionale festa durante il giorno del Corpus Domini, il primo Sabato del mese di giugno, in occasione della quale in aggiunta all\u2019evento religioso, la gente locale organizza una sfilata con carri allegorici in cui vengono esposte le primizie e prodotti tipici della terra, come i tradizionali \u201ccuccidata\u201c, per celebrare le maestranze locali.<\/p>\n<p><strong><i>Festa del Santissimo Salvator<\/i><em>e &#8211; 02 \/ 06 agosto<\/em><\/strong> Festa del SS. Salvatore della Trasfigurazione, Patrono storico e titolare della Basilica Cattedrale di Cefal\u00f9. E&#8217; una festa in cui si fondono sacro e profano, in una sublime alchimia di folclore e misticismo.Nel vecchio molo, Donatella intervister\u00e0 Antonino Papa nativo di Cefal\u00f9, il quale racconter\u00e0 delle spettacolari acrobazie della \u201cNtinna a Mari\u201d la sfida che ogni anno i giovani del posto affrontano per la festa del S.S. Salvatore (6 agosto), in bilico su un palo cosparso di sapone e grasso che si protende sul mare. Gioco tradizionale organizzato l\u2019ultimo giorno (il 6 agosto) dei festeggiamenti in onore del patrono SS Salvatore. L\u2019antinna \u00e8 un lungo tronco cosparso di sapone e grasso, disposto quasi orizzontalmente sulle acque di fronte al molo. Lo scopo del concorso \u00e8 quello di cercare di raggiungere una bandiera alla fine senza cadere nell\u2019acqua.<\/p>\n<p><strong><i>Sagra della Pasta a\u2019 Taian<\/i><em>u &#8211; 11\/ 12 agosto<\/em><\/strong> La\u00a0manifestazione \u00e8 dedicata ad un piatto antico che risale dai tempi della dominazione araba, che viene preparato in occasione della festa patronale del Santissimo Salvatore. La Pasta a\u2019 taianu \u00e8 cucinata con rag\u00f9, melanzane fritte, carne e parmigiano.\u00a0<\/p>\n<p><strong><i>Camp@rt Festival &#8211;\u00a018\/ 20 agosto<\/i><\/strong>\u00a0Manifestazione dedicata all\u2019arte in tutte le sue declinazioni, un laboratorio a cielo aperto, pittura, scultura, fotografia e video.\u00a0<\/p>\n<p><strong><i>Festa del Mare\u00a0&#8211; 20 \/ 21 agosto<\/i><\/strong>\u00a0Rassegna folkloristica. Sfilata di gruppi folk, degustazioni di prodotti della gastronomia siciliana e Sagra del pesce azzurro.<\/p>\n<p><em><strong>VentodAmare &#8211; 01 \/ 03 settembre<\/strong><\/em> Festival Internazionale del Mare e del Vento. Convegni, dimostrazioni, esibizioni, concorsi e spettacoli. Visite guidate al centro storico e villaggio gastronomico.<\/p>\n<p><em><strong>Cefal\u00f9 Street Food Festival\u00a0&#8211; 09\/11 settembre<\/strong><\/em> Festival del cibo di strada che esalta il made in Sicily! Per le strade della cittadina normanna troverete prodotti tipici e artigianato, musica, artisti di strada, cooking show e, ovviamente, tante degustazioni.<\/p>\n<p>Web: <a href=\"http:\/\/www.siciliainfesta.com\/\" rel=\"nofollow\">www.siciliainfesta.com<\/a><\/p>\n","protected":false},"excerpt":{"rendered":"<p>Lorem ipsum dolor sit amet, consectetuer adipiscing elit, sed diam nonummy nibh euismod tincidunt ut laoreet dolore magna aliquam erat.<\/p>\n","protected":false},"author":1,"featured_media":405,"parent":246,"menu_order":0,"comment_status":"closed","ping_status":"closed","template":"","meta":{"footnotes":""},"class_list":["post-385","page","type-page","status-publish","has-post-thumbnail","hentry"],"yoast_head":"<!-- This site is optimized with the Yoast SEO plugin v26.8 - https:\/\/yoast.com\/product\/yoast-seo-wordpress\/ -->\n<title>FOLKLORE ED EVENTI - Cefal\u00f9 in Casa<\/title>\n<meta name=\"robots\" content=\"index, follow, max-snippet:-1, max-image-preview:large, max-video-preview:-1\" \/>\n<link rel=\"canonical\" href=\"https:\/\/www.cefaluincasa.com\/it\/cosa-fare-cefalu\/folklore-ed-eventi\/\" \/>\n<meta property=\"og:locale\" content=\"it_IT\" \/>\n<meta property=\"og:type\" content=\"article\" \/>\n<meta property=\"og:title\" content=\"FOLKLORE ED EVENTI - Cefal\u00f9 in Casa\" \/>\n<meta property=\"og:description\" content=\"Lorem ipsum dolor sit amet, consectetuer adipiscing elit, sed diam nonummy nibh euismod tincidunt ut laoreet dolore magna aliquam erat.\" \/>\n<meta property=\"og:url\" content=\"https:\/\/www.cefaluincasa.com\/it\/cosa-fare-cefalu\/folklore-ed-eventi\/\" \/>\n<meta property=\"og:site_name\" content=\"Cefal\u00f9 in Casa\" \/>\n<meta property=\"article:modified_time\" content=\"2017-12-14T11:43:15+00:00\" \/>\n<meta property=\"og:image\" content=\"https:\/\/www.cefaluincasa.com\/wp-content\/uploads\/2017\/05\/ntinna-a-mari-cefalu-1024x678.jpg\" \/>\n\t<meta property=\"og:image:width\" content=\"1024\" \/>\n\t<meta property=\"og:image:height\" content=\"678\" \/>\n\t<meta property=\"og:image:type\" content=\"image\/jpeg\" \/>\n<meta name=\"twitter:card\" content=\"summary_large_image\" \/>\n<meta name=\"twitter:label1\" content=\"Tempo di lettura stimato\" \/>\n\t<meta name=\"twitter:data1\" content=\"3 minuti\" \/>\n<script type=\"application\/ld+json\" class=\"yoast-schema-graph\">{\"@context\":\"https:\/\/schema.org\",\"@graph\":[{\"@type\":\"WebPage\",\"@id\":\"https:\/\/www.cefaluincasa.com\/it\/cosa-fare-cefalu\/folklore-ed-eventi\/\",\"url\":\"https:\/\/www.cefaluincasa.com\/it\/cosa-fare-cefalu\/folklore-ed-eventi\/\",\"name\":\"FOLKLORE ED EVENTI - Cefal\u00f9 in Casa\",\"isPartOf\":{\"@id\":\"https:\/\/www.cefaluincasa.com\/#website\"},\"primaryImageOfPage\":{\"@id\":\"https:\/\/www.cefaluincasa.com\/it\/cosa-fare-cefalu\/folklore-ed-eventi\/#primaryimage\"},\"image\":{\"@id\":\"https:\/\/www.cefaluincasa.com\/it\/cosa-fare-cefalu\/folklore-ed-eventi\/#primaryimage\"},\"thumbnailUrl\":\"https:\/\/www.cefaluincasa.com\/wp-content\/uploads\/2017\/05\/ntinna-a-mari-cefalu.jpg\",\"datePublished\":\"2017-05-12T08:07:00+00:00\",\"dateModified\":\"2017-12-14T11:43:15+00:00\",\"breadcrumb\":{\"@id\":\"https:\/\/www.cefaluincasa.com\/it\/cosa-fare-cefalu\/folklore-ed-eventi\/#breadcrumb\"},\"inLanguage\":\"it-IT\",\"potentialAction\":[{\"@type\":\"ReadAction\",\"target\":[\"https:\/\/www.cefaluincasa.com\/it\/cosa-fare-cefalu\/folklore-ed-eventi\/\"]}]},{\"@type\":\"ImageObject\",\"inLanguage\":\"it-IT\",\"@id\":\"https:\/\/www.cefaluincasa.com\/it\/cosa-fare-cefalu\/folklore-ed-eventi\/#primaryimage\",\"url\":\"https:\/\/www.cefaluincasa.com\/wp-content\/uploads\/2017\/05\/ntinna-a-mari-cefalu.jpg\",\"contentUrl\":\"https:\/\/www.cefaluincasa.com\/wp-content\/uploads\/2017\/05\/ntinna-a-mari-cefalu.jpg\",\"width\":2200,\"height\":1457},{\"@type\":\"BreadcrumbList\",\"@id\":\"https:\/\/www.cefaluincasa.com\/it\/cosa-fare-cefalu\/folklore-ed-eventi\/#breadcrumb\",\"itemListElement\":[{\"@type\":\"ListItem\",\"position\":1,\"name\":\"Home\",\"item\":\"https:\/\/www.cefaluincasa.com\/it\/\"},{\"@type\":\"ListItem\",\"position\":2,\"name\":\"Cosa fare a Cefal\u00f9\",\"item\":\"https:\/\/www.cefaluincasa.com\/it\/cosa-fare-cefalu\/\"},{\"@type\":\"ListItem\",\"position\":3,\"name\":\"FOLKLORE ED EVENTI\"}]},{\"@type\":\"WebSite\",\"@id\":\"https:\/\/www.cefaluincasa.com\/#website\",\"url\":\"https:\/\/www.cefaluincasa.com\/\",\"name\":\"Cefal\u00f9 in Casa\",\"description\":\"\",\"publisher\":{\"@id\":\"https:\/\/www.cefaluincasa.com\/#organization\"},\"potentialAction\":[{\"@type\":\"SearchAction\",\"target\":{\"@type\":\"EntryPoint\",\"urlTemplate\":\"https:\/\/www.cefaluincasa.com\/?s={search_term_string}\"},\"query-input\":{\"@type\":\"PropertyValueSpecification\",\"valueRequired\":true,\"valueName\":\"search_term_string\"}}],\"inLanguage\":\"it-IT\"},{\"@type\":\"Organization\",\"@id\":\"https:\/\/www.cefaluincasa.com\/#organization\",\"name\":\"Cefal\u00f9 in Casa\",\"url\":\"https:\/\/www.cefaluincasa.com\/\",\"logo\":{\"@type\":\"ImageObject\",\"inLanguage\":\"it-IT\",\"@id\":\"https:\/\/www.cefaluincasa.com\/#\/schema\/logo\/image\/\",\"url\":\"https:\/\/cefaluincasa.com\/wp-content\/uploads\/2017\/03\/cefaluincasa.png\",\"contentUrl\":\"https:\/\/cefaluincasa.com\/wp-content\/uploads\/2017\/03\/cefaluincasa.png\",\"width\":194,\"height\":50,\"caption\":\"Cefal\u00f9 in Casa\"},\"image\":{\"@id\":\"https:\/\/www.cefaluincasa.com\/#\/schema\/logo\/image\/\"}}]}<\/script>\n<!-- \/ Yoast SEO plugin. -->","yoast_head_json":{"title":"FOLKLORE ED EVENTI - Cefal\u00f9 in Casa","robots":{"index":"index","follow":"follow","max-snippet":"max-snippet:-1","max-image-preview":"max-image-preview:large","max-video-preview":"max-video-preview:-1"},"canonical":"https:\/\/www.cefaluincasa.com\/it\/cosa-fare-cefalu\/folklore-ed-eventi\/","og_locale":"it_IT","og_type":"article","og_title":"FOLKLORE ED EVENTI - Cefal\u00f9 in Casa","og_description":"Lorem ipsum dolor sit amet, consectetuer adipiscing elit, sed diam nonummy nibh euismod tincidunt ut laoreet dolore magna aliquam erat.","og_url":"https:\/\/www.cefaluincasa.com\/it\/cosa-fare-cefalu\/folklore-ed-eventi\/","og_site_name":"Cefal\u00f9 in Casa","article_modified_time":"2017-12-14T11:43:15+00:00","og_image":[{"width":1024,"height":678,"url":"https:\/\/www.cefaluincasa.com\/wp-content\/uploads\/2017\/05\/ntinna-a-mari-cefalu-1024x678.jpg","type":"image\/jpeg"}],"twitter_card":"summary_large_image","twitter_misc":{"Tempo di lettura stimato":"3 minuti"},"schema":{"@context":"https:\/\/schema.org","@graph":[{"@type":"WebPage","@id":"https:\/\/www.cefaluincasa.com\/it\/cosa-fare-cefalu\/folklore-ed-eventi\/","url":"https:\/\/www.cefaluincasa.com\/it\/cosa-fare-cefalu\/folklore-ed-eventi\/","name":"FOLKLORE ED EVENTI - Cefal\u00f9 in Casa","isPartOf":{"@id":"https:\/\/www.cefaluincasa.com\/#website"},"primaryImageOfPage":{"@id":"https:\/\/www.cefaluincasa.com\/it\/cosa-fare-cefalu\/folklore-ed-eventi\/#primaryimage"},"image":{"@id":"https:\/\/www.cefaluincasa.com\/it\/cosa-fare-cefalu\/folklore-ed-eventi\/#primaryimage"},"thumbnailUrl":"https:\/\/www.cefaluincasa.com\/wp-content\/uploads\/2017\/05\/ntinna-a-mari-cefalu.jpg","datePublished":"2017-05-12T08:07:00+00:00","dateModified":"2017-12-14T11:43:15+00:00","breadcrumb":{"@id":"https:\/\/www.cefaluincasa.com\/it\/cosa-fare-cefalu\/folklore-ed-eventi\/#breadcrumb"},"inLanguage":"it-IT","potentialAction":[{"@type":"ReadAction","target":["https:\/\/www.cefaluincasa.com\/it\/cosa-fare-cefalu\/folklore-ed-eventi\/"]}]},{"@type":"ImageObject","inLanguage":"it-IT","@id":"https:\/\/www.cefaluincasa.com\/it\/cosa-fare-cefalu\/folklore-ed-eventi\/#primaryimage","url":"https:\/\/www.cefaluincasa.com\/wp-content\/uploads\/2017\/05\/ntinna-a-mari-cefalu.jpg","contentUrl":"https:\/\/www.cefaluincasa.com\/wp-content\/uploads\/2017\/05\/ntinna-a-mari-cefalu.jpg","width":2200,"height":1457},{"@type":"BreadcrumbList","@id":"https:\/\/www.cefaluincasa.com\/it\/cosa-fare-cefalu\/folklore-ed-eventi\/#breadcrumb","itemListElement":[{"@type":"ListItem","position":1,"name":"Home","item":"https:\/\/www.cefaluincasa.com\/it\/"},{"@type":"ListItem","position":2,"name":"Cosa fare a Cefal\u00f9","item":"https:\/\/www.cefaluincasa.com\/it\/cosa-fare-cefalu\/"},{"@type":"ListItem","position":3,"name":"FOLKLORE ED EVENTI"}]},{"@type":"WebSite","@id":"https:\/\/www.cefaluincasa.com\/#website","url":"https:\/\/www.cefaluincasa.com\/","name":"Cefal\u00f9 in Casa","description":"","publisher":{"@id":"https:\/\/www.cefaluincasa.com\/#organization"},"potentialAction":[{"@type":"SearchAction","target":{"@type":"EntryPoint","urlTemplate":"https:\/\/www.cefaluincasa.com\/?s={search_term_string}"},"query-input":{"@type":"PropertyValueSpecification","valueRequired":true,"valueName":"search_term_string"}}],"inLanguage":"it-IT"},{"@type":"Organization","@id":"https:\/\/www.cefaluincasa.com\/#organization","name":"Cefal\u00f9 in Casa","url":"https:\/\/www.cefaluincasa.com\/","logo":{"@type":"ImageObject","inLanguage":"it-IT","@id":"https:\/\/www.cefaluincasa.com\/#\/schema\/logo\/image\/","url":"https:\/\/cefaluincasa.com\/wp-content\/uploads\/2017\/03\/cefaluincasa.png","contentUrl":"https:\/\/cefaluincasa.com\/wp-content\/uploads\/2017\/03\/cefaluincasa.png","width":194,"height":50,"caption":"Cefal\u00f9 in Casa"},"image":{"@id":"https:\/\/www.cefaluincasa.com\/#\/schema\/logo\/image\/"}}]}},"_links":{"self":[{"href":"https:\/\/www.cefaluincasa.com\/it\/wp-json\/wp\/v2\/pages\/385","targetHints":{"allow":["GET"]}}],"collection":[{"href":"https:\/\/www.cefaluincasa.com\/it\/wp-json\/wp\/v2\/pages"}],"about":[{"href":"https:\/\/www.cefaluincasa.com\/it\/wp-json\/wp\/v2\/types\/page"}],"author":[{"embeddable":true,"href":"https:\/\/www.cefaluincasa.com\/it\/wp-json\/wp\/v2\/users\/1"}],"replies":[{"embeddable":true,"href":"https:\/\/www.cefaluincasa.com\/it\/wp-json\/wp\/v2\/comments?post=385"}],"version-history":[{"count":7,"href":"https:\/\/www.cefaluincasa.com\/it\/wp-json\/wp\/v2\/pages\/385\/revisions"}],"predecessor-version":[{"id":705,"href":"https:\/\/www.cefaluincasa.com\/it\/wp-json\/wp\/v2\/pages\/385\/revisions\/705"}],"up":[{"embeddable":true,"href":"https:\/\/www.cefaluincasa.com\/it\/wp-json\/wp\/v2\/pages\/246"}],"wp:featuredmedia":[{"embeddable":true,"href":"https:\/\/www.cefaluincasa.com\/it\/wp-json\/wp\/v2\/media\/405"}],"wp:attachment":[{"href":"https:\/\/www.cefaluincasa.com\/it\/wp-json\/wp\/v2\/media?parent=385"}],"curies":[{"name":"wp","href":"https:\/\/api.w.org\/{rel}","templated":true}]}}