{"id":393,"date":"2017-05-15T10:11:27","date_gmt":"2017-05-15T08:11:27","guid":{"rendered":"http:\/\/www.cefaluincasa.com\/?page_id=393\/"},"modified":"2018-01-31T15:52:14","modified_gmt":"2018-01-31T14:52:14","slug":"le-piu-belle-spiagge-di-cefalu-e-dintorni","status":"publish","type":"page","link":"https:\/\/www.cefaluincasa.com\/it\/cosa-fare-cefalu\/le-piu-belle-spiagge-di-cefalu-e-dintorni\/","title":{"rendered":"LE PI\u00d9 BELLE SPIAGGE DI CEFAL\u00d9 E DINTORNI"},"content":{"rendered":"<p>Poco distante dal centro si trovano alcune tra le pi\u00f9 belle spiagge di Cefal\u00f9 e dintorni: le Spiagge Caldura, Salinelle, e Capo Playa.<\/p>\n<p><strong>La spiaggia Caldura<\/strong>, a circa 5 km dalle <a title=\"case vacanza a Cefal\u00f9\" href=\"\/it\/\">case vacanza Cefal\u00f9<\/a><strong>\u00a0in Casa<\/strong> residence, \u00e8 un&#8217;incantevole spiaggetta ghiaiosa bagnata da un bel mare turchese, limpido e trasparente, dal quale emergono delle rocce brune molto suggestive da cui \u00e8 possibile anche tuffarsi. La spiaggia, non attrezzata, \u00e8 orlata da verdi alberi ed alle estremit\u00e0 \u00e8 delimitata da alti scogli scuri frastagliati e pittoreschi.<\/p>\n<p>La <strong>spiaggia Capo Playa<\/strong>, situata a circa 6 chilometri dal residence, con un litorale di 15 chilometri circa si estende fino a Campofelice di Roccella, unendosi con quella delle <strong>Salinelle<\/strong> dopo 5 chilometri circa. Quasi interamente libera e non attrezzata la spiaggia \u00e8 molto ampia e caratterizzata da un litorale di sabbia mista a sassolini, dotato di numerosi accessi lungo tutta la sua estensione. Capo Playa \u00e8 molto ventosa, meta ambita dai surfisti, ed \u00e8 bagnata da un bel mare azzurro e limpido, con un fondale che diventa profondo dopo pochi passi dalla riva. Per raggiungerla si prende la SS113 in direzione Palermo, si svolta a destra in Via Capo Playa e, dopo aver passato un passaggio a livello, si gira a sinistra ove c&#8217;\u00e8 un parcheggio.<\/p>\n<p>A circa 10-15 km da Cefal\u00f9 si trovano poi le spiagge di S.Ambrogio, di Pollina e di Tusa.<\/p>\n<div id='gallery-1' class='gallery galleryid-393 gallery-columns-6 gallery-size-thumbnail'><dl class='gallery-item'>\n\t\t\t<dt class='gallery-icon landscape'>\n\t\t\t\t<a href='https:\/\/www.cefaluincasa.com\/wp-content\/uploads\/2018\/01\/P1080665b.jpg' title=\"Caldura\" data-rl_title=\"Caldura\" class=\"rl-gallery-link\" data-rl_caption=\"\" data-rel=\"lightbox-gallery-1\"><img loading=\"lazy\" decoding=\"async\" width=\"150\" height=\"150\" src=\"https:\/\/www.cefaluincasa.com\/wp-content\/uploads\/2018\/01\/P1080665b-150x150.jpg\" class=\"attachment-thumbnail size-thumbnail\" alt=\"\" aria-describedby=\"gallery-1-1057\" srcset=\"https:\/\/www.cefaluincasa.com\/wp-content\/uploads\/2018\/01\/P1080665b-150x150.jpg 150w, https:\/\/www.cefaluincasa.com\/wp-content\/uploads\/2018\/01\/P1080665b-200x200.jpg 200w\" sizes=\"auto, (max-width: 150px) 100vw, 150px\" \/><\/a>\n\t\t\t<\/dt>\n\t\t\t\t<dd class='wp-caption-text gallery-caption' id='gallery-1-1057'>\n\t\t\t\tCaldura \n\t\t\t\t<\/dd><\/dl><dl class='gallery-item'>\n\t\t\t<dt class='gallery-icon portrait'>\n\t\t\t\t<a href='https:\/\/www.cefaluincasa.com\/wp-content\/uploads\/2018\/01\/IMG_4759.jpg' title=\"Capo Playa\" data-rl_title=\"Capo Playa\" class=\"rl-gallery-link\" data-rl_caption=\"\" data-rel=\"lightbox-gallery-1\"><img loading=\"lazy\" decoding=\"async\" width=\"150\" height=\"150\" src=\"https:\/\/www.cefaluincasa.com\/wp-content\/uploads\/2018\/01\/IMG_4759-150x150.jpg\" class=\"attachment-thumbnail size-thumbnail\" alt=\"\" aria-describedby=\"gallery-1-1064\" srcset=\"https:\/\/www.cefaluincasa.com\/wp-content\/uploads\/2018\/01\/IMG_4759-150x150.jpg 150w, https:\/\/www.cefaluincasa.com\/wp-content\/uploads\/2018\/01\/IMG_4759-200x200.jpg 200w\" sizes=\"auto, (max-width: 150px) 100vw, 150px\" \/><\/a>\n\t\t\t<\/dt>\n\t\t\t\t<dd class='wp-caption-text gallery-caption' id='gallery-1-1064'>\n\t\t\t\tCapo Playa \n\t\t\t\t<\/dd><\/dl><dl class='gallery-item'>\n\t\t\t<dt class='gallery-icon landscape'>\n\t\t\t\t<a href='https:\/\/www.cefaluincasa.com\/wp-content\/uploads\/2018\/01\/santambrogio3.jpg' title=\"S. Ambrogio beach\" data-rl_title=\"S. Ambrogio beach\" class=\"rl-gallery-link\" data-rl_caption=\"\" data-rel=\"lightbox-gallery-1\"><img loading=\"lazy\" decoding=\"async\" width=\"150\" height=\"150\" src=\"https:\/\/www.cefaluincasa.com\/wp-content\/uploads\/2018\/01\/santambrogio3-150x150.jpg\" class=\"attachment-thumbnail size-thumbnail\" alt=\"\" aria-describedby=\"gallery-1-1068\" srcset=\"https:\/\/www.cefaluincasa.com\/wp-content\/uploads\/2018\/01\/santambrogio3-150x150.jpg 150w, https:\/\/www.cefaluincasa.com\/wp-content\/uploads\/2018\/01\/santambrogio3-200x200.jpg 200w\" sizes=\"auto, (max-width: 150px) 100vw, 150px\" \/><\/a>\n\t\t\t<\/dt>\n\t\t\t\t<dd class='wp-caption-text gallery-caption' id='gallery-1-1068'>\n\t\t\t\tS. Ambrogio beach\n\t\t\t\t<\/dd><\/dl><dl class='gallery-item'>\n\t\t\t<dt class='gallery-icon landscape'>\n\t\t\t\t<a href='https:\/\/www.cefaluincasa.com\/wp-content\/uploads\/2018\/01\/pollina.jpg' title=\"Pollina\" data-rl_title=\"Pollina\" class=\"rl-gallery-link\" data-rl_caption=\"\" data-rel=\"lightbox-gallery-1\"><img loading=\"lazy\" decoding=\"async\" width=\"150\" height=\"150\" src=\"https:\/\/www.cefaluincasa.com\/wp-content\/uploads\/2018\/01\/pollina-150x150.jpg\" class=\"attachment-thumbnail size-thumbnail\" alt=\"\" aria-describedby=\"gallery-1-1071\" srcset=\"https:\/\/www.cefaluincasa.com\/wp-content\/uploads\/2018\/01\/pollina-150x150.jpg 150w, https:\/\/www.cefaluincasa.com\/wp-content\/uploads\/2018\/01\/pollina-200x200.jpg 200w\" sizes=\"auto, (max-width: 150px) 100vw, 150px\" \/><\/a>\n\t\t\t<\/dt>\n\t\t\t\t<dd class='wp-caption-text gallery-caption' id='gallery-1-1071'>\n\t\t\t\tPollina \n\t\t\t\t<\/dd><\/dl><dl class='gallery-item'>\n\t\t\t<dt class='gallery-icon landscape'>\n\t\t\t\t<a href='https:\/\/www.cefaluincasa.com\/wp-content\/uploads\/2018\/01\/spiaggia-delle-lampare.jpg' title=\"Lampare beach\" data-rl_title=\"Lampare beach\" class=\"rl-gallery-link\" data-rl_caption=\"\" data-rel=\"lightbox-gallery-1\"><img loading=\"lazy\" decoding=\"async\" width=\"150\" height=\"150\" src=\"https:\/\/www.cefaluincasa.com\/wp-content\/uploads\/2018\/01\/spiaggia-delle-lampare-150x150.jpg\" class=\"attachment-thumbnail size-thumbnail\" alt=\"\" aria-describedby=\"gallery-1-1075\" srcset=\"https:\/\/www.cefaluincasa.com\/wp-content\/uploads\/2018\/01\/spiaggia-delle-lampare-150x150.jpg 150w, https:\/\/www.cefaluincasa.com\/wp-content\/uploads\/2018\/01\/spiaggia-delle-lampare-200x200.jpg 200w\" sizes=\"auto, (max-width: 150px) 100vw, 150px\" \/><\/a>\n\t\t\t<\/dt>\n\t\t\t\t<dd class='wp-caption-text gallery-caption' id='gallery-1-1075'>\n\t\t\t\tLampare beach \n\t\t\t\t<\/dd><\/dl><dl class='gallery-item'>\n\t\t\t<dt class='gallery-icon landscape'>\n\t\t\t\t<a href='https:\/\/www.cefaluincasa.com\/wp-content\/uploads\/2018\/01\/Spiaggia-Marina_Castel_di_Tusa_Bandiera_blu_2016.jpg' title=\"Marina beach\" data-rl_title=\"Marina beach\" class=\"rl-gallery-link\" data-rl_caption=\"\" data-rel=\"lightbox-gallery-1\"><img loading=\"lazy\" decoding=\"async\" width=\"150\" height=\"150\" src=\"https:\/\/www.cefaluincasa.com\/wp-content\/uploads\/2018\/01\/Spiaggia-Marina_Castel_di_Tusa_Bandiera_blu_2016-150x150.jpg\" class=\"attachment-thumbnail size-thumbnail\" alt=\"\" aria-describedby=\"gallery-1-1077\" srcset=\"https:\/\/www.cefaluincasa.com\/wp-content\/uploads\/2018\/01\/Spiaggia-Marina_Castel_di_Tusa_Bandiera_blu_2016-150x150.jpg 150w, https:\/\/www.cefaluincasa.com\/wp-content\/uploads\/2018\/01\/Spiaggia-Marina_Castel_di_Tusa_Bandiera_blu_2016-200x200.jpg 200w\" sizes=\"auto, (max-width: 150px) 100vw, 150px\" \/><\/a>\n\t\t\t<\/dt>\n\t\t\t\t<dd class='wp-caption-text gallery-caption' id='gallery-1-1077'>\n\t\t\t\tMarina beach\n\t\t\t\t<\/dd><\/dl><br style=\"clear: both\" \/>\n\t\t<\/div>\n\n<p>La <strong>spiaggia di S. Ambrogio<\/strong> \u00e8 facilmente raggiungibile prendendo la SS113 in direzione Messina e seguendo le indicazioni in quanto la spiaggia \u00e8 ben segnalata. Si tratta di una spiaggia molto grande di sabbia mista a sassi e ghiaino, bagnata da un bellissimo mare limpido e trasparente. E&#8217; l&#8217;ideale per gli amanti della pace e della tranquillit\u00e0 in quanto \u00e8 sempre poco affollata perch\u00e9 poco conosciuta.<\/p>\n<p>La <strong>spiaggia di Pollina<\/strong>, di sabbia e ghiaia fine, piuttosto lunga \u00e8 amata per il suo bellissimo mare limpido e la posizione suggestiva. Per raggiungerla si intraprende un tratto di litorale spettacolare, lungo la SS113 in direzione Messina, che costeggia il mare dall&#8217;alto e che corre proprio vicino alla spiaggia.<\/p>\n<p>Infine segnaliamo le spiagge di Tusa, la <strong>spiaggia \u201cLampare\u201d<\/strong> e la <strong>spiaggia \u201cMarina\u201d<\/strong>, cui nel 2016 sono stati assegnati due \u201cBandiere Blu\u201d, riconoscimenti attribuiti dal Fee (Fondazione per l\u2019Educazione Ambientale) per la qualit\u00e0 delle acque di balneazione, della costa, per i servizi offerti e per la gestione ambientale. Caratterizzate da ciottoli variopinti, particolari formazioni rocciose e bellissimi fondali sono il luogo ideale anche per gli amanti dello snorkeling.<\/p>\n","protected":false},"excerpt":{"rendered":"<p>Lorem ipsum dolor sit amet, consectetuer adipiscing elit, sed diam nonummy nibh euismod tincidunt ut laoreet dolore magna aliquam erat.<\/p>\n","protected":false},"author":1,"featured_media":396,"parent":246,"menu_order":0,"comment_status":"closed","ping_status":"closed","template":"","meta":{"footnotes":""},"class_list":["post-393","page","type-page","status-publish","has-post-thumbnail","hentry"],"yoast_head":"<!-- This site is optimized with the Yoast SEO plugin v26.8 - https:\/\/yoast.com\/product\/yoast-seo-wordpress\/ -->\n<title>LE PI\u00d9 BELLE SPIAGGE DI CEFAL\u00d9 E DINTORNI - Cefal\u00f9 in Casa<\/title>\n<meta name=\"robots\" content=\"index, follow, max-snippet:-1, max-image-preview:large, max-video-preview:-1\" \/>\n<link rel=\"canonical\" href=\"https:\/\/www.cefaluincasa.com\/it\/cosa-fare-cefalu\/le-piu-belle-spiagge-di-cefalu-e-dintorni\/\" \/>\n<meta property=\"og:locale\" content=\"it_IT\" \/>\n<meta property=\"og:type\" content=\"article\" \/>\n<meta property=\"og:title\" content=\"LE PI\u00d9 BELLE SPIAGGE DI CEFAL\u00d9 E DINTORNI - Cefal\u00f9 in Casa\" \/>\n<meta property=\"og:description\" content=\"Lorem ipsum dolor sit amet, consectetuer adipiscing elit, sed diam nonummy nibh euismod tincidunt ut laoreet dolore magna aliquam erat.\" \/>\n<meta property=\"og:url\" content=\"https:\/\/www.cefaluincasa.com\/it\/cosa-fare-cefalu\/le-piu-belle-spiagge-di-cefalu-e-dintorni\/\" \/>\n<meta property=\"og:site_name\" content=\"Cefal\u00f9 in Casa\" \/>\n<meta property=\"article:modified_time\" content=\"2018-01-31T14:52:14+00:00\" \/>\n<meta property=\"og:image\" content=\"https:\/\/www.cefaluincasa.com\/wp-content\/uploads\/2017\/05\/cefalu.03.jpg\" \/>\n\t<meta property=\"og:image:width\" content=\"1800\" \/>\n\t<meta property=\"og:image:height\" content=\"1012\" \/>\n\t<meta property=\"og:image:type\" content=\"image\/jpeg\" \/>\n<meta name=\"twitter:card\" content=\"summary_large_image\" \/>\n<meta name=\"twitter:label1\" content=\"Tempo di lettura stimato\" \/>\n\t<meta name=\"twitter:data1\" content=\"2 minuti\" \/>\n<script type=\"application\/ld+json\" class=\"yoast-schema-graph\">{\"@context\":\"https:\/\/schema.org\",\"@graph\":[{\"@type\":\"WebPage\",\"@id\":\"https:\/\/www.cefaluincasa.com\/it\/cosa-fare-cefalu\/le-piu-belle-spiagge-di-cefalu-e-dintorni\/\",\"url\":\"https:\/\/www.cefaluincasa.com\/it\/cosa-fare-cefalu\/le-piu-belle-spiagge-di-cefalu-e-dintorni\/\",\"name\":\"LE PI\u00d9 BELLE SPIAGGE DI CEFAL\u00d9 E DINTORNI - Cefal\u00f9 in Casa\",\"isPartOf\":{\"@id\":\"https:\/\/www.cefaluincasa.com\/#website\"},\"primaryImageOfPage\":{\"@id\":\"https:\/\/www.cefaluincasa.com\/it\/cosa-fare-cefalu\/le-piu-belle-spiagge-di-cefalu-e-dintorni\/#primaryimage\"},\"image\":{\"@id\":\"https:\/\/www.cefaluincasa.com\/it\/cosa-fare-cefalu\/le-piu-belle-spiagge-di-cefalu-e-dintorni\/#primaryimage\"},\"thumbnailUrl\":\"https:\/\/www.cefaluincasa.com\/wp-content\/uploads\/2017\/05\/cefalu.03.jpg\",\"datePublished\":\"2017-05-15T08:11:27+00:00\",\"dateModified\":\"2018-01-31T14:52:14+00:00\",\"breadcrumb\":{\"@id\":\"https:\/\/www.cefaluincasa.com\/it\/cosa-fare-cefalu\/le-piu-belle-spiagge-di-cefalu-e-dintorni\/#breadcrumb\"},\"inLanguage\":\"it-IT\",\"potentialAction\":[{\"@type\":\"ReadAction\",\"target\":[\"https:\/\/www.cefaluincasa.com\/it\/cosa-fare-cefalu\/le-piu-belle-spiagge-di-cefalu-e-dintorni\/\"]}]},{\"@type\":\"ImageObject\",\"inLanguage\":\"it-IT\",\"@id\":\"https:\/\/www.cefaluincasa.com\/it\/cosa-fare-cefalu\/le-piu-belle-spiagge-di-cefalu-e-dintorni\/#primaryimage\",\"url\":\"https:\/\/www.cefaluincasa.com\/wp-content\/uploads\/2017\/05\/cefalu.03.jpg\",\"contentUrl\":\"https:\/\/www.cefaluincasa.com\/wp-content\/uploads\/2017\/05\/cefalu.03.jpg\",\"width\":1800,\"height\":1012},{\"@type\":\"BreadcrumbList\",\"@id\":\"https:\/\/www.cefaluincasa.com\/it\/cosa-fare-cefalu\/le-piu-belle-spiagge-di-cefalu-e-dintorni\/#breadcrumb\",\"itemListElement\":[{\"@type\":\"ListItem\",\"position\":1,\"name\":\"Home\",\"item\":\"https:\/\/www.cefaluincasa.com\/it\/\"},{\"@type\":\"ListItem\",\"position\":2,\"name\":\"Cosa fare a Cefal\u00f9\",\"item\":\"https:\/\/www.cefaluincasa.com\/it\/cosa-fare-cefalu\/\"},{\"@type\":\"ListItem\",\"position\":3,\"name\":\"LE PI\u00d9 BELLE SPIAGGE DI CEFAL\u00d9 E DINTORNI\"}]},{\"@type\":\"WebSite\",\"@id\":\"https:\/\/www.cefaluincasa.com\/#website\",\"url\":\"https:\/\/www.cefaluincasa.com\/\",\"name\":\"Cefal\u00f9 in Casa\",\"description\":\"\",\"publisher\":{\"@id\":\"https:\/\/www.cefaluincasa.com\/#organization\"},\"potentialAction\":[{\"@type\":\"SearchAction\",\"target\":{\"@type\":\"EntryPoint\",\"urlTemplate\":\"https:\/\/www.cefaluincasa.com\/?s={search_term_string}\"},\"query-input\":{\"@type\":\"PropertyValueSpecification\",\"valueRequired\":true,\"valueName\":\"search_term_string\"}}],\"inLanguage\":\"it-IT\"},{\"@type\":\"Organization\",\"@id\":\"https:\/\/www.cefaluincasa.com\/#organization\",\"name\":\"Cefal\u00f9 in Casa\",\"url\":\"https:\/\/www.cefaluincasa.com\/\",\"logo\":{\"@type\":\"ImageObject\",\"inLanguage\":\"it-IT\",\"@id\":\"https:\/\/www.cefaluincasa.com\/#\/schema\/logo\/image\/\",\"url\":\"https:\/\/cefaluincasa.com\/wp-content\/uploads\/2017\/03\/cefaluincasa.png\",\"contentUrl\":\"https:\/\/cefaluincasa.com\/wp-content\/uploads\/2017\/03\/cefaluincasa.png\",\"width\":194,\"height\":50,\"caption\":\"Cefal\u00f9 in Casa\"},\"image\":{\"@id\":\"https:\/\/www.cefaluincasa.com\/#\/schema\/logo\/image\/\"}}]}<\/script>\n<!-- \/ Yoast SEO plugin. -->","yoast_head_json":{"title":"LE PI\u00d9 BELLE SPIAGGE DI CEFAL\u00d9 E DINTORNI - Cefal\u00f9 in Casa","robots":{"index":"index","follow":"follow","max-snippet":"max-snippet:-1","max-image-preview":"max-image-preview:large","max-video-preview":"max-video-preview:-1"},"canonical":"https:\/\/www.cefaluincasa.com\/it\/cosa-fare-cefalu\/le-piu-belle-spiagge-di-cefalu-e-dintorni\/","og_locale":"it_IT","og_type":"article","og_title":"LE PI\u00d9 BELLE SPIAGGE DI CEFAL\u00d9 E DINTORNI - Cefal\u00f9 in Casa","og_description":"Lorem ipsum dolor sit amet, consectetuer adipiscing elit, sed diam nonummy nibh euismod tincidunt ut laoreet dolore magna aliquam erat.","og_url":"https:\/\/www.cefaluincasa.com\/it\/cosa-fare-cefalu\/le-piu-belle-spiagge-di-cefalu-e-dintorni\/","og_site_name":"Cefal\u00f9 in Casa","article_modified_time":"2018-01-31T14:52:14+00:00","og_image":[{"width":1800,"height":1012,"url":"https:\/\/www.cefaluincasa.com\/wp-content\/uploads\/2017\/05\/cefalu.03.jpg","type":"image\/jpeg"}],"twitter_card":"summary_large_image","twitter_misc":{"Tempo di lettura stimato":"2 minuti"},"schema":{"@context":"https:\/\/schema.org","@graph":[{"@type":"WebPage","@id":"https:\/\/www.cefaluincasa.com\/it\/cosa-fare-cefalu\/le-piu-belle-spiagge-di-cefalu-e-dintorni\/","url":"https:\/\/www.cefaluincasa.com\/it\/cosa-fare-cefalu\/le-piu-belle-spiagge-di-cefalu-e-dintorni\/","name":"LE PI\u00d9 BELLE SPIAGGE DI CEFAL\u00d9 E DINTORNI - Cefal\u00f9 in Casa","isPartOf":{"@id":"https:\/\/www.cefaluincasa.com\/#website"},"primaryImageOfPage":{"@id":"https:\/\/www.cefaluincasa.com\/it\/cosa-fare-cefalu\/le-piu-belle-spiagge-di-cefalu-e-dintorni\/#primaryimage"},"image":{"@id":"https:\/\/www.cefaluincasa.com\/it\/cosa-fare-cefalu\/le-piu-belle-spiagge-di-cefalu-e-dintorni\/#primaryimage"},"thumbnailUrl":"https:\/\/www.cefaluincasa.com\/wp-content\/uploads\/2017\/05\/cefalu.03.jpg","datePublished":"2017-05-15T08:11:27+00:00","dateModified":"2018-01-31T14:52:14+00:00","breadcrumb":{"@id":"https:\/\/www.cefaluincasa.com\/it\/cosa-fare-cefalu\/le-piu-belle-spiagge-di-cefalu-e-dintorni\/#breadcrumb"},"inLanguage":"it-IT","potentialAction":[{"@type":"ReadAction","target":["https:\/\/www.cefaluincasa.com\/it\/cosa-fare-cefalu\/le-piu-belle-spiagge-di-cefalu-e-dintorni\/"]}]},{"@type":"ImageObject","inLanguage":"it-IT","@id":"https:\/\/www.cefaluincasa.com\/it\/cosa-fare-cefalu\/le-piu-belle-spiagge-di-cefalu-e-dintorni\/#primaryimage","url":"https:\/\/www.cefaluincasa.com\/wp-content\/uploads\/2017\/05\/cefalu.03.jpg","contentUrl":"https:\/\/www.cefaluincasa.com\/wp-content\/uploads\/2017\/05\/cefalu.03.jpg","width":1800,"height":1012},{"@type":"BreadcrumbList","@id":"https:\/\/www.cefaluincasa.com\/it\/cosa-fare-cefalu\/le-piu-belle-spiagge-di-cefalu-e-dintorni\/#breadcrumb","itemListElement":[{"@type":"ListItem","position":1,"name":"Home","item":"https:\/\/www.cefaluincasa.com\/it\/"},{"@type":"ListItem","position":2,"name":"Cosa fare a Cefal\u00f9","item":"https:\/\/www.cefaluincasa.com\/it\/cosa-fare-cefalu\/"},{"@type":"ListItem","position":3,"name":"LE PI\u00d9 BELLE SPIAGGE DI CEFAL\u00d9 E DINTORNI"}]},{"@type":"WebSite","@id":"https:\/\/www.cefaluincasa.com\/#website","url":"https:\/\/www.cefaluincasa.com\/","name":"Cefal\u00f9 in Casa","description":"","publisher":{"@id":"https:\/\/www.cefaluincasa.com\/#organization"},"potentialAction":[{"@type":"SearchAction","target":{"@type":"EntryPoint","urlTemplate":"https:\/\/www.cefaluincasa.com\/?s={search_term_string}"},"query-input":{"@type":"PropertyValueSpecification","valueRequired":true,"valueName":"search_term_string"}}],"inLanguage":"it-IT"},{"@type":"Organization","@id":"https:\/\/www.cefaluincasa.com\/#organization","name":"Cefal\u00f9 in Casa","url":"https:\/\/www.cefaluincasa.com\/","logo":{"@type":"ImageObject","inLanguage":"it-IT","@id":"https:\/\/www.cefaluincasa.com\/#\/schema\/logo\/image\/","url":"https:\/\/cefaluincasa.com\/wp-content\/uploads\/2017\/03\/cefaluincasa.png","contentUrl":"https:\/\/cefaluincasa.com\/wp-content\/uploads\/2017\/03\/cefaluincasa.png","width":194,"height":50,"caption":"Cefal\u00f9 in Casa"},"image":{"@id":"https:\/\/www.cefaluincasa.com\/#\/schema\/logo\/image\/"}}]}},"_links":{"self":[{"href":"https:\/\/www.cefaluincasa.com\/it\/wp-json\/wp\/v2\/pages\/393","targetHints":{"allow":["GET"]}}],"collection":[{"href":"https:\/\/www.cefaluincasa.com\/it\/wp-json\/wp\/v2\/pages"}],"about":[{"href":"https:\/\/www.cefaluincasa.com\/it\/wp-json\/wp\/v2\/types\/page"}],"author":[{"embeddable":true,"href":"https:\/\/www.cefaluincasa.com\/it\/wp-json\/wp\/v2\/users\/1"}],"replies":[{"embeddable":true,"href":"https:\/\/www.cefaluincasa.com\/it\/wp-json\/wp\/v2\/comments?post=393"}],"version-history":[{"count":8,"href":"https:\/\/www.cefaluincasa.com\/it\/wp-json\/wp\/v2\/pages\/393\/revisions"}],"predecessor-version":[{"id":1135,"href":"https:\/\/www.cefaluincasa.com\/it\/wp-json\/wp\/v2\/pages\/393\/revisions\/1135"}],"up":[{"embeddable":true,"href":"https:\/\/www.cefaluincasa.com\/it\/wp-json\/wp\/v2\/pages\/246"}],"wp:featuredmedia":[{"embeddable":true,"href":"https:\/\/www.cefaluincasa.com\/it\/wp-json\/wp\/v2\/media\/396"}],"wp:attachment":[{"href":"https:\/\/www.cefaluincasa.com\/it\/wp-json\/wp\/v2\/media?parent=393"}],"curies":[{"name":"wp","href":"https:\/\/api.w.org\/{rel}","templated":true}]}}