{"id":40,"date":"2017-03-16T17:07:09","date_gmt":"2017-03-16T16:07:09","guid":{"rendered":"http:\/\/www.cefaluincasa.com\/?page_id=40\/"},"modified":"2018-01-23T11:34:04","modified_gmt":"2018-01-23T10:34:04","slug":"residence","status":"publish","type":"page","link":"https:\/\/www.cefaluincasa.com\/it\/residence\/","title":{"rendered":"Residence"},"content":{"rendered":"<div id=\"metaslider-id-142\" style=\"width: 100%;\" class=\"ml-slider-3-107-0 metaslider metaslider-flex metaslider-142 ml-slider ms-theme-default nav-hidden\" role=\"region\" aria-label=\"Generico\" data-height=\"600\" data-width=\"1200\">\n    <div id=\"metaslider_container_142\">\n        <div id=\"metaslider_142\">\n            <ul class='slides'>\n                <li style=\"display: block; width: 100%;\" class=\"slide-340 ms-image \" aria-roledescription=\"slide\" data-date=\"2017-05-12 16:54:55\" data-filename=\"IMG_4826-1200x600.jpg\" data-slide-type=\"image\"><img loading=\"lazy\" decoding=\"async\" src=\"https:\/\/www.cefaluincasa.com\/wp-content\/uploads\/2017\/05\/IMG_4826-1200x600.jpg\" height=\"600\" width=\"1200\" alt=\"\" class=\"slider-142 slide-340 msDefaultImage\" \/><\/li>\n                <li style=\"display: none; width: 100%;\" class=\"slide-517 ms-image \" aria-roledescription=\"slide\" data-date=\"2017-05-17 11:02:52\" data-filename=\"IMG_0102-1200x600.jpg\" data-slide-type=\"image\"><img loading=\"lazy\" decoding=\"async\" src=\"https:\/\/www.cefaluincasa.com\/wp-content\/uploads\/2017\/03\/IMG_0102-1200x600.jpg\" height=\"600\" width=\"1200\" alt=\"\" class=\"slider-142 slide-517 msDefaultImage\" \/><\/li>\n                <li style=\"display: none; width: 100%;\" class=\"slide-981 ms-image \" aria-roledescription=\"slide\" data-date=\"2018-01-10 17:16:13\" data-filename=\"1_224-1200x600.jpg\" data-slide-type=\"image\"><img loading=\"lazy\" decoding=\"async\" src=\"https:\/\/www.cefaluincasa.com\/wp-content\/uploads\/2018\/01\/1_224-1200x600.jpg\" height=\"600\" width=\"1200\" alt=\"\" class=\"slider-142 slide-981 msDefaultImage\" \/><\/li>\n                <li style=\"display: none; width: 100%;\" class=\"slide-980 ms-image \" aria-roledescription=\"slide\" data-date=\"2018-01-10 17:16:12\" data-filename=\"1_218-1200x600.jpg\" data-slide-type=\"image\"><img loading=\"lazy\" decoding=\"async\" src=\"https:\/\/www.cefaluincasa.com\/wp-content\/uploads\/2018\/01\/1_218-1200x600.jpg\" height=\"600\" width=\"1200\" alt=\"\" class=\"slider-142 slide-980 msDefaultImage\" \/><\/li>\n                <li style=\"display: none; width: 100%;\" class=\"slide-978 ms-image \" aria-roledescription=\"slide\" data-date=\"2018-01-10 17:16:12\" data-filename=\"1_205-1200x600.jpg\" data-slide-type=\"image\"><img loading=\"lazy\" decoding=\"async\" src=\"https:\/\/www.cefaluincasa.com\/wp-content\/uploads\/2018\/01\/1_205-1200x600.jpg\" height=\"600\" width=\"1200\" alt=\"\" class=\"slider-142 slide-978 msDefaultImage\" \/><\/li>\n                <li style=\"display: none; width: 100%;\" class=\"slide-968 ms-image \" aria-roledescription=\"slide\" data-date=\"2018-01-10 17:03:30\" data-filename=\"1_195-1200x600.jpg\" data-slide-type=\"image\"><img loading=\"lazy\" decoding=\"async\" src=\"https:\/\/www.cefaluincasa.com\/wp-content\/uploads\/2018\/01\/1_195-1200x600.jpg\" height=\"600\" width=\"1200\" alt=\"\" class=\"slider-142 slide-968 msDefaultImage\" \/><\/li>\n                <li style=\"display: none; width: 100%;\" class=\"slide-979 ms-image \" aria-roledescription=\"slide\" data-date=\"2018-01-10 17:16:12\" data-filename=\"1_210-1200x600.jpg\" data-slide-type=\"image\"><img loading=\"lazy\" decoding=\"async\" src=\"https:\/\/www.cefaluincasa.com\/wp-content\/uploads\/2018\/01\/1_210-1200x600.jpg\" height=\"600\" width=\"1200\" alt=\"\" class=\"slider-142 slide-979 msDefaultImage\" \/><\/li>\n                <li style=\"display: none; width: 100%;\" class=\"slide-907 ms-image \" aria-roledescription=\"slide\" data-date=\"2018-01-09 16:07:07\" data-filename=\"1_192-1200x600.jpg\" data-slide-type=\"image\"><img loading=\"lazy\" decoding=\"async\" src=\"https:\/\/www.cefaluincasa.com\/wp-content\/uploads\/2018\/01\/1_192-1200x600.jpg\" height=\"600\" width=\"1200\" alt=\"\" class=\"slider-142 slide-907 msDefaultImage\" \/><\/li>\n                <li style=\"display: none; width: 100%;\" class=\"slide-910 ms-image \" aria-roledescription=\"slide\" data-date=\"2018-01-09 16:13:51\" data-filename=\"1_226-1200x600.jpg\" data-slide-type=\"image\"><img loading=\"lazy\" decoding=\"async\" src=\"https:\/\/www.cefaluincasa.com\/wp-content\/uploads\/2018\/01\/1_226-1200x600.jpg\" height=\"600\" width=\"1200\" alt=\"\" class=\"slider-142 slide-910 msDefaultImage\" \/><\/li>\n                <li style=\"display: none; width: 100%;\" class=\"slide-915 ms-image \" aria-roledescription=\"slide\" data-date=\"2018-01-09 16:22:56\" data-filename=\"1_220-1200x600.jpg\" data-slide-type=\"image\"><img loading=\"lazy\" decoding=\"async\" src=\"https:\/\/www.cefaluincasa.com\/wp-content\/uploads\/2018\/01\/1_220-1200x600.jpg\" height=\"600\" width=\"1200\" alt=\"\" class=\"slider-142 slide-915 msDefaultImage\" \/><\/li>\n                <li style=\"display: none; width: 100%;\" class=\"slide-916 ms-image \" aria-roledescription=\"slide\" data-date=\"2018-01-09 16:22:56\" data-filename=\"1080294b-1200x600.jpg\" data-slide-type=\"image\"><img loading=\"lazy\" decoding=\"async\" src=\"https:\/\/www.cefaluincasa.com\/wp-content\/uploads\/2018\/01\/1080294b-1200x600.jpg\" height=\"600\" width=\"1200\" alt=\"\" class=\"slider-142 slide-916 msDefaultImage\" \/><\/li>\n                <li style=\"display: none; width: 100%;\" class=\"slide-992 ms-image \" aria-roledescription=\"slide\" data-date=\"2018-01-10 17:31:36\" data-filename=\"1_23-1200x600.jpg\" data-slide-type=\"image\"><img loading=\"lazy\" decoding=\"async\" src=\"https:\/\/www.cefaluincasa.com\/wp-content\/uploads\/2018\/01\/1_23-1200x600.jpg\" height=\"600\" width=\"1200\" alt=\"\" class=\"slider-142 slide-992 msDefaultImage\" \/><\/li>\n                <li style=\"display: none; width: 100%;\" class=\"slide-1043 ms-image \" aria-roledescription=\"slide\" data-date=\"2018-01-17 18:06:39\" data-filename=\"cut-1128x564.jpg\" data-slide-type=\"image\"><img loading=\"lazy\" decoding=\"async\" src=\"https:\/\/www.cefaluincasa.com\/wp-content\/uploads\/2018\/01\/cut-1128x564.jpg\" height=\"600\" width=\"1200\" alt=\"\" class=\"slider-142 slide-1043 msDefaultImage\" \/><\/li>\n                <li style=\"display: none; width: 100%;\" class=\"slide-990 ms-image \" aria-roledescription=\"slide\" data-date=\"2018-01-10 17:31:36\" data-filename=\"1_15-1-1200x600.jpg\" data-slide-type=\"image\"><img loading=\"lazy\" decoding=\"async\" src=\"https:\/\/www.cefaluincasa.com\/wp-content\/uploads\/2018\/01\/1_15-1-1200x600.jpg\" height=\"600\" width=\"1200\" alt=\"\" class=\"slider-142 slide-990 msDefaultImage\" \/><\/li>\n                <li style=\"display: none; width: 100%;\" class=\"slide-991 ms-image \" aria-roledescription=\"slide\" data-date=\"2018-01-10 17:31:36\" data-filename=\"1_17-2-1200x600.jpg\" data-slide-type=\"image\"><img loading=\"lazy\" decoding=\"async\" src=\"https:\/\/www.cefaluincasa.com\/wp-content\/uploads\/2018\/01\/1_17-2-1200x600.jpg\" height=\"600\" width=\"1200\" alt=\"\" class=\"slider-142 slide-991 msDefaultImage\" \/><\/li>\n                <li style=\"display: none; width: 100%;\" class=\"slide-342 ms-image \" aria-roledescription=\"slide\" data-date=\"2017-05-12 16:54:55\" data-filename=\"IMG_4684-1200x600.jpg\" data-slide-type=\"image\"><img loading=\"lazy\" decoding=\"async\" src=\"https:\/\/www.cefaluincasa.com\/wp-content\/uploads\/2017\/05\/IMG_4684-1200x600.jpg\" height=\"600\" width=\"1200\" alt=\"\" class=\"slider-142 slide-342 msDefaultImage\" \/><\/li>\n                <li style=\"display: none; width: 100%;\" class=\"slide-922 ms-image \" aria-roledescription=\"slide\" data-date=\"2018-01-09 16:27:04\" data-filename=\"DSC_0714b-1200x600.jpg\" data-slide-type=\"image\"><img loading=\"lazy\" decoding=\"async\" src=\"https:\/\/www.cefaluincasa.com\/wp-content\/uploads\/2018\/01\/DSC_0714b-1200x600.jpg\" height=\"600\" width=\"1200\" alt=\"\" class=\"slider-142 slide-922 msDefaultImage\" \/><\/li>\n                <li style=\"display: none; width: 100%;\" class=\"slide-937 ms-image \" aria-roledescription=\"slide\" data-date=\"2018-01-09 16:53:43\" data-filename=\"img_4705-1200x600.jpg\" data-slide-type=\"image\"><img loading=\"lazy\" decoding=\"async\" src=\"https:\/\/www.cefaluincasa.com\/wp-content\/uploads\/2018\/01\/img_4705-1200x600.jpg\" height=\"600\" width=\"1200\" alt=\"\" class=\"slider-142 slide-937 msDefaultImage\" \/><\/li>\n                <li style=\"display: none; width: 100%;\" class=\"slide-938 ms-image \" aria-roledescription=\"slide\" data-date=\"2018-01-09 16:53:43\" data-filename=\"img_4727-1200x600.jpg\" data-slide-type=\"image\"><img loading=\"lazy\" decoding=\"async\" src=\"https:\/\/www.cefaluincasa.com\/wp-content\/uploads\/2018\/01\/img_4727-1200x600.jpg\" height=\"600\" width=\"1200\" alt=\"\" class=\"slider-142 slide-938 msDefaultImage\" \/><\/li>\n            <\/ul>\n        <\/div>\n        \n    <\/div>\n<\/div>\n<p>Cefal\u00f9 in Casa \u00e8 un piccolo delizioso complesso turistico, <strong>ultimato nel 2014<\/strong>, situato a Cefal\u00f9 su una tranquilla collina sopra l\u2019omonima baia, in un\u2019<strong>area silenziosa<\/strong> dove il traffico veicolare \u00e8 totalmente assente, <strong>a poca distanza dal centro storico e dal lungomare<\/strong> famoso per la sua spiaggia di sabbia fine.<\/p>\n<p>\u00c8 il punto di partenza ideale per muoversi alla scoperta di una delle localit\u00e0 pi\u00f9 affascinanti dell\u2019 isola e grazie alla sua posizione strategica vi far\u00e0 conoscere una terra multicolore ed ospitale, ricca di suggestivi scenari.<\/p>\n<p>La struttura raffinata in stile moderno, sobrio ed essenziale, \u00e8 inserita in uno <strong>splendido scenario naturale<\/strong>, perfettamente armonizzata con la vegetazione tipica delle coste bagnate dal mar Mediterraneo con il verde degli ulivi, degli allori, dei carrubi, dei pini, delle palme, degli oleandri, e dove il profumo della campagna si unisce alla brezza marina proveniente da sud.<\/p>\n<p>Cefalu in Casa \u00e8 un piccolo <strong>angolo di paradiso<\/strong> da cui, grazie alla sua posizione privilegiata, \u00e8 possibile godere da ogni angolo, terrazza ed appartamento del <strong>paesaggio mozzafiato<\/strong> del pittoresco <strong>borgo medievale di Cefal\u00f9<\/strong> sovrastato dalla sua imponente <strong>Cattedrale<\/strong> del 1200 e dalla famosa <strong>Rocca<\/strong> cui fa da cornice la splendida vista sul <strong>Golfo di Cefal\u00f9<\/strong> con il suo mare azzurro e cristallino.<\/p>\n<p>\u00c8 il luogo in cui rifugiarsi al termine di una splendida giornata o in cui rimanere per godere appieno del silenzio e della natura della macchia mediterranea.<\/p>\n<p>Le<a href=\"https:\/\/www.cefaluincasa.com\/it\/ville-a-cefalu\/\"> ville <\/a>e gli <a href=\"https:\/\/www.cefaluincasa.com\/it\/cefalu-appartamenti-vacanze\/\">appartamenti<\/a>\u00a0del residence Cefal\u00f9 in casa sono arredati con eleganza e cura dei particolari e sono tutti impreziositi da spaziosi e curati <strong>prati all\u2019inglese<\/strong> o da graziose <strong>terrazze coperte<\/strong> e attrezzati con mobili da giardino cos\u00ec da offrire ai propri ospiti la possibilit\u00e0 di un soggiorno comodo godendo appieno sia degli spazi interni che di quelli esterni.<\/p>\n<p>Arricchiscono gli alloggi le stampe del <strong>noto artista e pittore di Cefal\u00f9 Giuseppe Cimino<\/strong> che ha fatto della sua citt\u00e0 natale la protagonista quasi assoluta delle sue opere, contribuendo a diffonderne l\u2019immagine nel mondo.<\/p>\n<p><img loading=\"lazy\" decoding=\"async\" class=\"alignnone wp-image-592 size-full\" src=\"https:\/\/cefaluincasa.com\/wp-content\/uploads\/2017\/05\/piantina.jpg\" alt=\"\" width=\"1200\" height=\"600\" srcset=\"https:\/\/www.cefaluincasa.com\/wp-content\/uploads\/2017\/05\/piantina.jpg 1200w, https:\/\/www.cefaluincasa.com\/wp-content\/uploads\/2017\/05\/piantina-300x150.jpg 300w, https:\/\/www.cefaluincasa.com\/wp-content\/uploads\/2017\/05\/piantina-1024x512.jpg 1024w\" sizes=\"auto, (max-width: 1200px) 100vw, 1200px\" \/><\/p>\n<h3 style=\"text-align: center;\">\u00a0<\/h3>\n<h3 style=\"text-align: center;\">LA PISCINA<\/h3>\n<p>Pigramente sdraiati al sole o all\u2019ombra del gazebo, potrete godere di una meravigliosa piscina e <strong>ampio solarium<\/strong> attrezzato di ombrelloni e lettini prendisole di esclusiva pertinenza degli ospiti dove socializzare e divertirsi con gli amici o con la famiglia in una cordiale e amichevole atmosfera.<\/p>\n<p>La piscina di acqua dolce, dalla caratteristica forma a otto, \u00e8 aperta da aprile ad ottobre.<\/p>\n<p>La profondit\u00e0 \u00e8 variabile da un minimo di 90 cm ad un massimo di 140 cm; una parte di essa \u00e8 pensata per i bambini (90 cm di profondit\u00e0) ed \u00e8 delimitata dalla parte pi\u00f9 profonda da 3 gradini divisori sommersi.<\/p>\n<p>Orario di apertura: 9:00<\/p>\n<p> <img loading=\"lazy\" decoding=\"async\" class=\"alignnone wp-image-598 size-full\" src=\"https:\/\/cefaluincasa.com\/wp-content\/uploads\/2017\/03\/pool-villas.jpg\" alt=\"\" width=\"1200\" height=\"600\" srcset=\"https:\/\/www.cefaluincasa.com\/wp-content\/uploads\/2017\/03\/pool-villas.jpg 1200w, https:\/\/www.cefaluincasa.com\/wp-content\/uploads\/2017\/03\/pool-villas-300x150.jpg 300w, https:\/\/www.cefaluincasa.com\/wp-content\/uploads\/2017\/03\/pool-villas-1024x512.jpg 1024w\" sizes=\"auto, (max-width: 1200px) 100vw, 1200px\" \/><\/p>\n<h3 style=\"text-align: center;\">\u00a0<\/h3>\n<h3 style=\"text-align: center;\">IL PARCO GIOCHI<\/h3>\n<p>Un piccolo parco giochi con <strong>altalene, scivolo<\/strong>\u00a0e altri giochi \u00e8 a disposizione delle famiglie per i propri bambini.<\/p>\n<p> <img loading=\"lazy\" decoding=\"async\" class=\"alignnone wp-image-903 size-full\" src=\"https:\/\/cefaluincasa.com\/wp-content\/uploads\/2017\/03\/IMG_3847-e1516209324965.jpg\" alt=\"\" width=\"1197\" height=\"627\" srcset=\"https:\/\/www.cefaluincasa.com\/wp-content\/uploads\/2017\/03\/IMG_3847-e1516209324965.jpg 1197w, https:\/\/www.cefaluincasa.com\/wp-content\/uploads\/2017\/03\/IMG_3847-e1516209324965-300x157.jpg 300w, https:\/\/www.cefaluincasa.com\/wp-content\/uploads\/2017\/03\/IMG_3847-e1516209324965-1024x536.jpg 1024w\" sizes=\"auto, (max-width: 1197px) 100vw, 1197px\" \/><\/p>\n<h3 style=\"text-align: center;\">\u00a0<\/h3>\n<h3 style=\"text-align: center;\">IL PARCHEGGIO<\/h3>\n<p>Il complesso offre la possibilit\u00e0 di <strong>parcheggio auto libero<\/strong> su un\u2019area di pertinenza della struttura adiacente lo stesso.<\/p>\n<p>&nbsp;<\/p>\n<h3 style=\"text-align: center;\">IL MARE E LE SPIAGGE<\/h3>\n<p>Il complesso dista circa 1000 metri dalla famosa e suggestiva <strong>spiaggia di Cefal\u00f9<\/strong> che, con un litorale di oltre <strong>un chilometro e mezzo di costa<\/strong>, regala il pittoresco e suggestivo scorcio del vecchio <strong>porticciolo di Cefal\u00f9<\/strong>, dominato dalla Rocca e dal Duomo normanno.<\/p>\n<p>La spiaggia gode di una <strong>soffice sabbia dorata<\/strong> sulla quale \u00e8 particolarmente piacevole fare lunghe passeggiate ed \u00e8 caratterizzata da <strong>fondali bassi<\/strong> che rendono il mare sicuro anche per i nuotatori meno esperti e per i bambini.<\/p>\n<p>Attrezzata solo parzialmente, poi \u00e8 tutta libera ed offre <strong>numerosi bar e ristoranti<\/strong>.<\/p>\n<p>Dal residence pu\u00f2 essere raggiunta anche attraverso una <strong>scorciatoia di circa 450 metri<\/strong> di cui, l&#8217;ultimo tratto, prevede uno scalinata di circa 30 gradini. Scopri le <a href=\"le-piu-belle-spiagge-di-cefalu-e-dintorni\/\">spiagge pi\u00f9 belle di Cefal\u00f9 e dintorni<\/a>.<\/p>\n<p><img loading=\"lazy\" decoding=\"async\" class=\"wp-image-1137 size-full aligncenter\" src=\"https:\/\/cefaluincasa.com\/wp-content\/uploads\/2018\/01\/residence.jpg\" alt=\"\" width=\"1024\" height=\"467\" srcset=\"https:\/\/www.cefaluincasa.com\/wp-content\/uploads\/2018\/01\/residence.jpg 1024w, https:\/\/www.cefaluincasa.com\/wp-content\/uploads\/2018\/01\/residence-300x137.jpg 300w, https:\/\/www.cefaluincasa.com\/wp-content\/uploads\/2018\/01\/residence-768x350.jpg 768w\" sizes=\"auto, (max-width: 1024px) 100vw, 1024px\" \/><\/p>\n","protected":false},"excerpt":{"rendered":"<p>Cefal\u00f9 in Casa \u00e8 un piccolo delizioso complesso turistico, ultimato nel 2014, situato a Cefal\u00f9 su una tranquilla collina sopra l\u2019omonima baia, in un\u2019area silenziosa dove il traffico veicolare \u00e8 totalmente assente, a poca distanza dal centro storico e dal lungomare famoso per la sua spiaggia di sabbia fine. \u00c8 il punto di partenza ideale [&hellip;]<\/p>\n","protected":false},"author":1,"featured_media":0,"parent":0,"menu_order":0,"comment_status":"closed","ping_status":"closed","template":"","meta":{"footnotes":""},"class_list":["post-40","page","type-page","status-publish","hentry"],"yoast_head":"<!-- This site is optimized with the Yoast SEO plugin v26.8 - https:\/\/yoast.com\/product\/yoast-seo-wordpress\/ -->\n<title>Residence - Cefal\u00f9 in Casa<\/title>\n<meta name=\"description\" content=\"Scopri tutti i servizi riservati agli ospiti del Residence Cefal\u00f9 in Casa, tra cui la piscina e il parco giochi.\" \/>\n<meta name=\"robots\" content=\"index, follow, max-snippet:-1, max-image-preview:large, max-video-preview:-1\" \/>\n<link rel=\"canonical\" href=\"https:\/\/www.cefaluincasa.com\/it\/residence\/\" \/>\n<meta property=\"og:locale\" content=\"it_IT\" \/>\n<meta property=\"og:type\" content=\"article\" \/>\n<meta property=\"og:title\" content=\"Residence - Cefal\u00f9 in Casa\" \/>\n<meta property=\"og:description\" content=\"Scopri tutti i servizi riservati agli ospiti del Residence Cefal\u00f9 in Casa, tra cui la piscina e il parco giochi.\" \/>\n<meta property=\"og:url\" content=\"https:\/\/www.cefaluincasa.com\/it\/residence\/\" \/>\n<meta property=\"og:site_name\" content=\"Cefal\u00f9 in Casa\" \/>\n<meta property=\"article:modified_time\" content=\"2018-01-23T10:34:04+00:00\" \/>\n<meta property=\"og:image\" content=\"https:\/\/cefaluincasa.com\/wp-content\/uploads\/2017\/05\/piantina.jpg\" \/>\n<meta name=\"twitter:card\" content=\"summary_large_image\" \/>\n<meta name=\"twitter:label1\" content=\"Tempo di lettura stimato\" \/>\n\t<meta name=\"twitter:data1\" content=\"3 minuti\" \/>\n<script type=\"application\/ld+json\" class=\"yoast-schema-graph\">{\"@context\":\"https:\/\/schema.org\",\"@graph\":[{\"@type\":\"WebPage\",\"@id\":\"https:\/\/www.cefaluincasa.com\/it\/residence\/\",\"url\":\"https:\/\/www.cefaluincasa.com\/it\/residence\/\",\"name\":\"Residence - Cefal\u00f9 in Casa\",\"isPartOf\":{\"@id\":\"https:\/\/www.cefaluincasa.com\/#website\"},\"primaryImageOfPage\":{\"@id\":\"https:\/\/www.cefaluincasa.com\/it\/residence\/#primaryimage\"},\"image\":{\"@id\":\"https:\/\/www.cefaluincasa.com\/it\/residence\/#primaryimage\"},\"thumbnailUrl\":\"https:\/\/cefaluincasa.com\/wp-content\/uploads\/2017\/05\/piantina.jpg\",\"datePublished\":\"2017-03-16T16:07:09+00:00\",\"dateModified\":\"2018-01-23T10:34:04+00:00\",\"description\":\"Scopri tutti i servizi riservati agli ospiti del Residence Cefal\u00f9 in Casa, tra cui la piscina e il parco giochi.\",\"breadcrumb\":{\"@id\":\"https:\/\/www.cefaluincasa.com\/it\/residence\/#breadcrumb\"},\"inLanguage\":\"it-IT\",\"potentialAction\":[{\"@type\":\"ReadAction\",\"target\":[\"https:\/\/www.cefaluincasa.com\/it\/residence\/\"]}]},{\"@type\":\"ImageObject\",\"inLanguage\":\"it-IT\",\"@id\":\"https:\/\/www.cefaluincasa.com\/it\/residence\/#primaryimage\",\"url\":\"https:\/\/cefaluincasa.com\/wp-content\/uploads\/2017\/05\/piantina.jpg\",\"contentUrl\":\"https:\/\/cefaluincasa.com\/wp-content\/uploads\/2017\/05\/piantina.jpg\"},{\"@type\":\"BreadcrumbList\",\"@id\":\"https:\/\/www.cefaluincasa.com\/it\/residence\/#breadcrumb\",\"itemListElement\":[{\"@type\":\"ListItem\",\"position\":1,\"name\":\"Home\",\"item\":\"https:\/\/www.cefaluincasa.com\/it\/\"},{\"@type\":\"ListItem\",\"position\":2,\"name\":\"Residence\"}]},{\"@type\":\"WebSite\",\"@id\":\"https:\/\/www.cefaluincasa.com\/#website\",\"url\":\"https:\/\/www.cefaluincasa.com\/\",\"name\":\"Cefal\u00f9 in Casa\",\"description\":\"\",\"publisher\":{\"@id\":\"https:\/\/www.cefaluincasa.com\/#organization\"},\"potentialAction\":[{\"@type\":\"SearchAction\",\"target\":{\"@type\":\"EntryPoint\",\"urlTemplate\":\"https:\/\/www.cefaluincasa.com\/?s={search_term_string}\"},\"query-input\":{\"@type\":\"PropertyValueSpecification\",\"valueRequired\":true,\"valueName\":\"search_term_string\"}}],\"inLanguage\":\"it-IT\"},{\"@type\":\"Organization\",\"@id\":\"https:\/\/www.cefaluincasa.com\/#organization\",\"name\":\"Cefal\u00f9 in Casa\",\"url\":\"https:\/\/www.cefaluincasa.com\/\",\"logo\":{\"@type\":\"ImageObject\",\"inLanguage\":\"it-IT\",\"@id\":\"https:\/\/www.cefaluincasa.com\/#\/schema\/logo\/image\/\",\"url\":\"https:\/\/cefaluincasa.com\/wp-content\/uploads\/2017\/03\/cefaluincasa.png\",\"contentUrl\":\"https:\/\/cefaluincasa.com\/wp-content\/uploads\/2017\/03\/cefaluincasa.png\",\"width\":194,\"height\":50,\"caption\":\"Cefal\u00f9 in Casa\"},\"image\":{\"@id\":\"https:\/\/www.cefaluincasa.com\/#\/schema\/logo\/image\/\"}}]}<\/script>\n<!-- \/ Yoast SEO plugin. -->","yoast_head_json":{"title":"Residence - Cefal\u00f9 in Casa","description":"Scopri tutti i servizi riservati agli ospiti del Residence Cefal\u00f9 in Casa, tra cui la piscina e il parco giochi.","robots":{"index":"index","follow":"follow","max-snippet":"max-snippet:-1","max-image-preview":"max-image-preview:large","max-video-preview":"max-video-preview:-1"},"canonical":"https:\/\/www.cefaluincasa.com\/it\/residence\/","og_locale":"it_IT","og_type":"article","og_title":"Residence - Cefal\u00f9 in Casa","og_description":"Scopri tutti i servizi riservati agli ospiti del Residence Cefal\u00f9 in Casa, tra cui la piscina e il parco giochi.","og_url":"https:\/\/www.cefaluincasa.com\/it\/residence\/","og_site_name":"Cefal\u00f9 in Casa","article_modified_time":"2018-01-23T10:34:04+00:00","og_image":[{"url":"https:\/\/cefaluincasa.com\/wp-content\/uploads\/2017\/05\/piantina.jpg","type":"","width":"","height":""}],"twitter_card":"summary_large_image","twitter_misc":{"Tempo di lettura stimato":"3 minuti"},"schema":{"@context":"https:\/\/schema.org","@graph":[{"@type":"WebPage","@id":"https:\/\/www.cefaluincasa.com\/it\/residence\/","url":"https:\/\/www.cefaluincasa.com\/it\/residence\/","name":"Residence - Cefal\u00f9 in Casa","isPartOf":{"@id":"https:\/\/www.cefaluincasa.com\/#website"},"primaryImageOfPage":{"@id":"https:\/\/www.cefaluincasa.com\/it\/residence\/#primaryimage"},"image":{"@id":"https:\/\/www.cefaluincasa.com\/it\/residence\/#primaryimage"},"thumbnailUrl":"https:\/\/cefaluincasa.com\/wp-content\/uploads\/2017\/05\/piantina.jpg","datePublished":"2017-03-16T16:07:09+00:00","dateModified":"2018-01-23T10:34:04+00:00","description":"Scopri tutti i servizi riservati agli ospiti del Residence Cefal\u00f9 in Casa, tra cui la piscina e il parco giochi.","breadcrumb":{"@id":"https:\/\/www.cefaluincasa.com\/it\/residence\/#breadcrumb"},"inLanguage":"it-IT","potentialAction":[{"@type":"ReadAction","target":["https:\/\/www.cefaluincasa.com\/it\/residence\/"]}]},{"@type":"ImageObject","inLanguage":"it-IT","@id":"https:\/\/www.cefaluincasa.com\/it\/residence\/#primaryimage","url":"https:\/\/cefaluincasa.com\/wp-content\/uploads\/2017\/05\/piantina.jpg","contentUrl":"https:\/\/cefaluincasa.com\/wp-content\/uploads\/2017\/05\/piantina.jpg"},{"@type":"BreadcrumbList","@id":"https:\/\/www.cefaluincasa.com\/it\/residence\/#breadcrumb","itemListElement":[{"@type":"ListItem","position":1,"name":"Home","item":"https:\/\/www.cefaluincasa.com\/it\/"},{"@type":"ListItem","position":2,"name":"Residence"}]},{"@type":"WebSite","@id":"https:\/\/www.cefaluincasa.com\/#website","url":"https:\/\/www.cefaluincasa.com\/","name":"Cefal\u00f9 in Casa","description":"","publisher":{"@id":"https:\/\/www.cefaluincasa.com\/#organization"},"potentialAction":[{"@type":"SearchAction","target":{"@type":"EntryPoint","urlTemplate":"https:\/\/www.cefaluincasa.com\/?s={search_term_string}"},"query-input":{"@type":"PropertyValueSpecification","valueRequired":true,"valueName":"search_term_string"}}],"inLanguage":"it-IT"},{"@type":"Organization","@id":"https:\/\/www.cefaluincasa.com\/#organization","name":"Cefal\u00f9 in Casa","url":"https:\/\/www.cefaluincasa.com\/","logo":{"@type":"ImageObject","inLanguage":"it-IT","@id":"https:\/\/www.cefaluincasa.com\/#\/schema\/logo\/image\/","url":"https:\/\/cefaluincasa.com\/wp-content\/uploads\/2017\/03\/cefaluincasa.png","contentUrl":"https:\/\/cefaluincasa.com\/wp-content\/uploads\/2017\/03\/cefaluincasa.png","width":194,"height":50,"caption":"Cefal\u00f9 in Casa"},"image":{"@id":"https:\/\/www.cefaluincasa.com\/#\/schema\/logo\/image\/"}}]}},"_links":{"self":[{"href":"https:\/\/www.cefaluincasa.com\/it\/wp-json\/wp\/v2\/pages\/40","targetHints":{"allow":["GET"]}}],"collection":[{"href":"https:\/\/www.cefaluincasa.com\/it\/wp-json\/wp\/v2\/pages"}],"about":[{"href":"https:\/\/www.cefaluincasa.com\/it\/wp-json\/wp\/v2\/types\/page"}],"author":[{"embeddable":true,"href":"https:\/\/www.cefaluincasa.com\/it\/wp-json\/wp\/v2\/users\/1"}],"replies":[{"embeddable":true,"href":"https:\/\/www.cefaluincasa.com\/it\/wp-json\/wp\/v2\/comments?post=40"}],"version-history":[{"count":39,"href":"https:\/\/www.cefaluincasa.com\/it\/wp-json\/wp\/v2\/pages\/40\/revisions"}],"predecessor-version":[{"id":1140,"href":"https:\/\/www.cefaluincasa.com\/it\/wp-json\/wp\/v2\/pages\/40\/revisions\/1140"}],"wp:attachment":[{"href":"https:\/\/www.cefaluincasa.com\/it\/wp-json\/wp\/v2\/media?parent=40"}],"curies":[{"name":"wp","href":"https:\/\/api.w.org\/{rel}","templated":true}]}}