{"id":80,"date":"2017-03-20T09:08:39","date_gmt":"2017-03-20T08:08:39","guid":{"rendered":"http:\/\/www.cefaluincasa.com\/?page_id=80\/"},"modified":"2017-12-14T11:57:07","modified_gmt":"2017-12-14T10:57:07","slug":"ville-a-cefalu","status":"publish","type":"page","link":"https:\/\/www.cefaluincasa.com\/it\/ville-a-cefalu\/","title":{"rendered":"Ville a Cefal\u00f9"},"content":{"rendered":"<div id=\"metaslider-id-576\" style=\"width: 100%; margin: 0 auto;\" class=\"ml-slider-3-107-0 metaslider metaslider-flex metaslider-576 ml-slider ms-theme-default nav-hidden\" role=\"region\" aria-label=\"Holiday homes\" data-height=\"600\" data-width=\"1200\">\n    <div id=\"metaslider_container_576\">\n        <div id=\"metaslider_576\">\n            <ul class='slides'>\n                <li style=\"display: block; width: 100%;\" class=\"slide-588 ms-image \" aria-roledescription=\"slide\" data-date=\"2017-05-17 17:21:48\" data-filename=\"slide-home2.jpg\" data-slide-type=\"image\"><img loading=\"lazy\" decoding=\"async\" src=\"https:\/\/www.cefaluincasa.com\/wp-content\/uploads\/2017\/05\/slide-home2.jpg\" height=\"600\" width=\"1200\" alt=\"\" class=\"slider-576 slide-588 msDefaultImage\" \/><\/li>\n                <li style=\"display: none; width: 100%;\" class=\"slide-997 ms-image \" aria-roledescription=\"slide\" data-date=\"2018-01-15 11:07:38\" data-filename=\"1_128-1200x600.jpg\" data-slide-type=\"image\"><img loading=\"lazy\" decoding=\"async\" src=\"https:\/\/www.cefaluincasa.com\/wp-content\/uploads\/2018\/01\/1_128-1200x600.jpg\" height=\"600\" width=\"1200\" alt=\"\" class=\"slider-576 slide-997 msDefaultImage\" \/><\/li>\n                <li style=\"display: none; width: 100%;\" class=\"slide-1003 ms-image \" aria-roledescription=\"slide\" data-date=\"2018-01-15 11:11:25\" data-filename=\"1_36-1200x600.jpg\" data-slide-type=\"image\"><img loading=\"lazy\" decoding=\"async\" src=\"https:\/\/www.cefaluincasa.com\/wp-content\/uploads\/2018\/01\/1_36-1200x600.jpg\" height=\"600\" width=\"1200\" alt=\"\" class=\"slider-576 slide-1003 msDefaultImage\" \/><\/li>\n                <li style=\"display: none; width: 100%;\" class=\"slide-1000 ms-image \" aria-roledescription=\"slide\" data-date=\"2018-01-15 11:09:35\" data-filename=\"1_37-1200x600.jpg\" data-slide-type=\"image\"><img loading=\"lazy\" decoding=\"async\" src=\"https:\/\/www.cefaluincasa.com\/wp-content\/uploads\/2018\/01\/1_37-1200x600.jpg\" height=\"600\" width=\"1200\" alt=\"\" class=\"slider-576 slide-1000 msDefaultImage\" \/><\/li>\n                <li style=\"display: none; width: 100%;\" class=\"slide-589 ms-image \" aria-roledescription=\"slide\" data-date=\"2017-05-17 17:21:48\" data-filename=\"slide-home1.jpg\" data-slide-type=\"image\"><img loading=\"lazy\" decoding=\"async\" src=\"https:\/\/www.cefaluincasa.com\/wp-content\/uploads\/2017\/05\/slide-home1.jpg\" height=\"600\" width=\"1200\" alt=\"\" class=\"slider-576 slide-589 msDefaultImage\" \/><\/li>\n                <li style=\"display: none; width: 100%;\" class=\"slide-929 ms-image \" aria-roledescription=\"slide\" data-date=\"2018-01-09 16:41:01\" data-filename=\"1_13-1-1200x600.jpg\" data-slide-type=\"image\"><img loading=\"lazy\" decoding=\"async\" src=\"https:\/\/www.cefaluincasa.com\/wp-content\/uploads\/2018\/01\/1_13-1-1200x600.jpg\" height=\"600\" width=\"1200\" alt=\"\" class=\"slider-576 slide-929 msDefaultImage\" \/><\/li>\n            <\/ul>\n        <\/div>\n        \n    <\/div>\n<\/div>\n<p>Ideali per le famiglie numerose e per gruppi di amici che desiderano viaggiare insieme alla scoperta della Sicilia senza rinunciare al comfort di una casa, le nostre <strong>ville a Cefal\u00f9 in affitto<\/strong> sono il luogo perfetto dove stare in relax godendosi una calda giornata di sole rinfrescati da un rigenerante bagno in piscina o da cui raggiungere le belle spiagge e il pittoresco borgo di Cefal\u00f9 o i tipici paesini delle Madonie per piacevoli giornate alla scoperta di questa terra ricca di colori e sapori, godendo della massima indipendenza e di una vista senza pari di uno dei pi\u00f9 bei borghi d\u2019Italia.<\/p>\n<p>Affittare una delle nostre <strong>ville a Cefal\u00f9<\/strong> \u00e8 il modo perfetto per passare qualche giorno in famiglia: le nostre ville in residence ti permettono di essere a pochi minuti dal mare, o di goderti qualche ora di relax mentre prendi il sole, lasciando giocare i tuoi figli in piscina o nel parco giochi a disposizione degli ospiti del complesso.<\/p>\n<p>Le nostre ville a Cefal\u00f9 si trovano a pochi passi dal centro storico della citt\u00e0, e nelle vicinanze del residence troverai facilmente bar, ristoranti, supermercato. Ma la sensazione pi\u00f9 bella sar\u00e0 svegliarsi al mattino e vedere il blu del Mediterraneo fuori dalla finestra. La spiaggia di Cefal\u00f9 \u00e8 a meno di un chilometro dalle ville, dunque potrai scegliere se fare una nuotata in piscina o passare una giornata al mare.<\/p>\n<p>Durante il tuo soggiorno potrai inoltre approfittare di tutti i servizi riservati agli ospiti del residence.<\/p>\n<p>Scopri di pi\u00f9 sulle ville e prenota:<\/p>\n","protected":false},"excerpt":{"rendered":"<p>Se state organizzando una vacanza per tutta la famiglia le nostre ville a Cefal\u00f9 in residence sono una scelta perfetta: relax, quiete, la spiaggia e il centro storico di una delle pi\u00f9 belle citt\u00e0 siciliane.<\/p>\n","protected":false},"author":1,"featured_media":0,"parent":0,"menu_order":0,"comment_status":"closed","ping_status":"closed","template":"","meta":{"footnotes":""},"class_list":["post-80","page","type-page","status-publish","hentry"],"yoast_head":"<!-- This site is optimized with the Yoast SEO plugin v26.8 - https:\/\/yoast.com\/product\/yoast-seo-wordpress\/ -->\n<title>Ville in affitto a Cefal\u00f9<\/title>\n<meta name=\"description\" content=\"Affitta una delle nostre ville a Cefal\u00f9 per qualche giorno di completo relax in una delle citt\u00e0 pi\u00f9 belle della Sicilia a pochi passi dalla spiaggia\" \/>\n<meta name=\"robots\" content=\"index, follow, max-snippet:-1, max-image-preview:large, max-video-preview:-1\" \/>\n<link rel=\"canonical\" href=\"https:\/\/www.cefaluincasa.com\/it\/ville-a-cefalu\/\" \/>\n<meta property=\"og:locale\" content=\"it_IT\" \/>\n<meta property=\"og:type\" content=\"article\" \/>\n<meta property=\"og:title\" content=\"Ville in affitto a Cefal\u00f9\" \/>\n<meta property=\"og:description\" content=\"Affitta una delle nostre ville a Cefal\u00f9 per qualche giorno di completo relax in una delle citt\u00e0 pi\u00f9 belle della Sicilia a pochi passi dalla spiaggia\" \/>\n<meta property=\"og:url\" content=\"https:\/\/www.cefaluincasa.com\/it\/ville-a-cefalu\/\" \/>\n<meta property=\"og:site_name\" content=\"Cefal\u00f9 in Casa\" \/>\n<meta property=\"article:modified_time\" content=\"2017-12-14T10:57:07+00:00\" \/>\n<meta property=\"og:image\" content=\"https:\/\/www.cefaluincasa.com\/wp-content\/uploads\/2018\/01\/cut.jpg\" \/>\n\t<meta property=\"og:image:width\" content=\"1201\" \/>\n\t<meta property=\"og:image:height\" content=\"564\" \/>\n\t<meta property=\"og:image:type\" content=\"image\/jpeg\" \/>\n<meta name=\"twitter:card\" content=\"summary_large_image\" \/>\n<meta name=\"twitter:label1\" content=\"Tempo di lettura stimato\" \/>\n\t<meta name=\"twitter:data1\" content=\"1 minuto\" \/>\n<script type=\"application\/ld+json\" class=\"yoast-schema-graph\">{\"@context\":\"https:\/\/schema.org\",\"@graph\":[{\"@type\":\"WebPage\",\"@id\":\"https:\/\/www.cefaluincasa.com\/it\/ville-a-cefalu\/\",\"url\":\"https:\/\/www.cefaluincasa.com\/it\/ville-a-cefalu\/\",\"name\":\"Ville in affitto a Cefal\u00f9\",\"isPartOf\":{\"@id\":\"https:\/\/www.cefaluincasa.com\/#website\"},\"datePublished\":\"2017-03-20T08:08:39+00:00\",\"dateModified\":\"2017-12-14T10:57:07+00:00\",\"description\":\"Affitta una delle nostre ville a Cefal\u00f9 per qualche giorno di completo relax in una delle citt\u00e0 pi\u00f9 belle della Sicilia a pochi passi dalla spiaggia\",\"breadcrumb\":{\"@id\":\"https:\/\/www.cefaluincasa.com\/it\/ville-a-cefalu\/#breadcrumb\"},\"inLanguage\":\"it-IT\",\"potentialAction\":[{\"@type\":\"ReadAction\",\"target\":[\"https:\/\/www.cefaluincasa.com\/it\/ville-a-cefalu\/\"]}]},{\"@type\":\"BreadcrumbList\",\"@id\":\"https:\/\/www.cefaluincasa.com\/it\/ville-a-cefalu\/#breadcrumb\",\"itemListElement\":[{\"@type\":\"ListItem\",\"position\":1,\"name\":\"Home\",\"item\":\"https:\/\/www.cefaluincasa.com\/it\/\"},{\"@type\":\"ListItem\",\"position\":2,\"name\":\"Ville a Cefal\u00f9\"}]},{\"@type\":\"WebSite\",\"@id\":\"https:\/\/www.cefaluincasa.com\/#website\",\"url\":\"https:\/\/www.cefaluincasa.com\/\",\"name\":\"Cefal\u00f9 in Casa\",\"description\":\"\",\"publisher\":{\"@id\":\"https:\/\/www.cefaluincasa.com\/#organization\"},\"potentialAction\":[{\"@type\":\"SearchAction\",\"target\":{\"@type\":\"EntryPoint\",\"urlTemplate\":\"https:\/\/www.cefaluincasa.com\/?s={search_term_string}\"},\"query-input\":{\"@type\":\"PropertyValueSpecification\",\"valueRequired\":true,\"valueName\":\"search_term_string\"}}],\"inLanguage\":\"it-IT\"},{\"@type\":\"Organization\",\"@id\":\"https:\/\/www.cefaluincasa.com\/#organization\",\"name\":\"Cefal\u00f9 in Casa\",\"url\":\"https:\/\/www.cefaluincasa.com\/\",\"logo\":{\"@type\":\"ImageObject\",\"inLanguage\":\"it-IT\",\"@id\":\"https:\/\/www.cefaluincasa.com\/#\/schema\/logo\/image\/\",\"url\":\"https:\/\/cefaluincasa.com\/wp-content\/uploads\/2017\/03\/cefaluincasa.png\",\"contentUrl\":\"https:\/\/cefaluincasa.com\/wp-content\/uploads\/2017\/03\/cefaluincasa.png\",\"width\":194,\"height\":50,\"caption\":\"Cefal\u00f9 in Casa\"},\"image\":{\"@id\":\"https:\/\/www.cefaluincasa.com\/#\/schema\/logo\/image\/\"}}]}<\/script>\n<!-- \/ Yoast SEO plugin. -->","yoast_head_json":{"title":"Ville in affitto a Cefal\u00f9","description":"Affitta una delle nostre ville a Cefal\u00f9 per qualche giorno di completo relax in una delle citt\u00e0 pi\u00f9 belle della Sicilia a pochi passi dalla spiaggia","robots":{"index":"index","follow":"follow","max-snippet":"max-snippet:-1","max-image-preview":"max-image-preview:large","max-video-preview":"max-video-preview:-1"},"canonical":"https:\/\/www.cefaluincasa.com\/it\/ville-a-cefalu\/","og_locale":"it_IT","og_type":"article","og_title":"Ville in affitto a Cefal\u00f9","og_description":"Affitta una delle nostre ville a Cefal\u00f9 per qualche giorno di completo relax in una delle citt\u00e0 pi\u00f9 belle della Sicilia a pochi passi dalla spiaggia","og_url":"https:\/\/www.cefaluincasa.com\/it\/ville-a-cefalu\/","og_site_name":"Cefal\u00f9 in Casa","article_modified_time":"2017-12-14T10:57:07+00:00","og_image":[{"width":1201,"height":564,"url":"https:\/\/www.cefaluincasa.com\/wp-content\/uploads\/2018\/01\/cut.jpg","type":"image\/jpeg"}],"twitter_card":"summary_large_image","twitter_misc":{"Tempo di lettura stimato":"1 minuto"},"schema":{"@context":"https:\/\/schema.org","@graph":[{"@type":"WebPage","@id":"https:\/\/www.cefaluincasa.com\/it\/ville-a-cefalu\/","url":"https:\/\/www.cefaluincasa.com\/it\/ville-a-cefalu\/","name":"Ville in affitto a Cefal\u00f9","isPartOf":{"@id":"https:\/\/www.cefaluincasa.com\/#website"},"datePublished":"2017-03-20T08:08:39+00:00","dateModified":"2017-12-14T10:57:07+00:00","description":"Affitta una delle nostre ville a Cefal\u00f9 per qualche giorno di completo relax in una delle citt\u00e0 pi\u00f9 belle della Sicilia a pochi passi dalla spiaggia","breadcrumb":{"@id":"https:\/\/www.cefaluincasa.com\/it\/ville-a-cefalu\/#breadcrumb"},"inLanguage":"it-IT","potentialAction":[{"@type":"ReadAction","target":["https:\/\/www.cefaluincasa.com\/it\/ville-a-cefalu\/"]}]},{"@type":"BreadcrumbList","@id":"https:\/\/www.cefaluincasa.com\/it\/ville-a-cefalu\/#breadcrumb","itemListElement":[{"@type":"ListItem","position":1,"name":"Home","item":"https:\/\/www.cefaluincasa.com\/it\/"},{"@type":"ListItem","position":2,"name":"Ville a Cefal\u00f9"}]},{"@type":"WebSite","@id":"https:\/\/www.cefaluincasa.com\/#website","url":"https:\/\/www.cefaluincasa.com\/","name":"Cefal\u00f9 in Casa","description":"","publisher":{"@id":"https:\/\/www.cefaluincasa.com\/#organization"},"potentialAction":[{"@type":"SearchAction","target":{"@type":"EntryPoint","urlTemplate":"https:\/\/www.cefaluincasa.com\/?s={search_term_string}"},"query-input":{"@type":"PropertyValueSpecification","valueRequired":true,"valueName":"search_term_string"}}],"inLanguage":"it-IT"},{"@type":"Organization","@id":"https:\/\/www.cefaluincasa.com\/#organization","name":"Cefal\u00f9 in Casa","url":"https:\/\/www.cefaluincasa.com\/","logo":{"@type":"ImageObject","inLanguage":"it-IT","@id":"https:\/\/www.cefaluincasa.com\/#\/schema\/logo\/image\/","url":"https:\/\/cefaluincasa.com\/wp-content\/uploads\/2017\/03\/cefaluincasa.png","contentUrl":"https:\/\/cefaluincasa.com\/wp-content\/uploads\/2017\/03\/cefaluincasa.png","width":194,"height":50,"caption":"Cefal\u00f9 in Casa"},"image":{"@id":"https:\/\/www.cefaluincasa.com\/#\/schema\/logo\/image\/"}}]}},"_links":{"self":[{"href":"https:\/\/www.cefaluincasa.com\/it\/wp-json\/wp\/v2\/pages\/80","targetHints":{"allow":["GET"]}}],"collection":[{"href":"https:\/\/www.cefaluincasa.com\/it\/wp-json\/wp\/v2\/pages"}],"about":[{"href":"https:\/\/www.cefaluincasa.com\/it\/wp-json\/wp\/v2\/types\/page"}],"author":[{"embeddable":true,"href":"https:\/\/www.cefaluincasa.com\/it\/wp-json\/wp\/v2\/users\/1"}],"replies":[{"embeddable":true,"href":"https:\/\/www.cefaluincasa.com\/it\/wp-json\/wp\/v2\/comments?post=80"}],"version-history":[{"count":21,"href":"https:\/\/www.cefaluincasa.com\/it\/wp-json\/wp\/v2\/pages\/80\/revisions"}],"predecessor-version":[{"id":698,"href":"https:\/\/www.cefaluincasa.com\/it\/wp-json\/wp\/v2\/pages\/80\/revisions\/698"}],"wp:attachment":[{"href":"https:\/\/www.cefaluincasa.com\/it\/wp-json\/wp\/v2\/media?parent=80"}],"curies":[{"name":"wp","href":"https:\/\/api.w.org\/{rel}","templated":true}]}}